{"id":2121,"date":"2024-10-14T11:41:43","date_gmt":"2024-10-14T09:41:43","guid":{"rendered":"https:\/\/svensktvisarkiv.se\/?page_id=2121"},"modified":"2024-12-10T15:21:36","modified_gmt":"2024-12-10T14:21:36","slug":"karin-strand","status":"publish","type":"page","link":"https:\/\/svensktvisarkiv.se\/en\/research\/karin-strand\/","title":{"rendered":"Karin Strand"},"content":{"rendered":"<div class=\"w-constrained\">\n\t<p class=\"mb-4 font-light font-text-font text-large-text leading-large-text md:mb-10\">Karin Strand, PhD, is the Head of the Svenskt visarkiv &ndash; Centre for Swedish folk music and jazz research.<\/p>\n<\/div>\n\n\n<div class=\"w-constrained richtext\"><external-link-icon>\n<p>In 2003 she defended her dissertation in comparative literature about the sentimental popular song (schlager) tradition in Sweden,&nbsp;<em>K\u00e4nsliga bitar. Text- och kontextstudier i sentimental popul\u00e4rs\u00e5ng<\/em>&nbsp;(Emotional Songs: Text- and Context Studies of the Sentimental Schlager).<\/p>\n<\/external-link-icon><\/div>\n\n<div class=\"w-constrained richtext\"><external-link-icon>\n<p>Since her defense, Strand\u2019s research interests have concerned the mediation of and specific themes within early popular songs in handwritten songbooks and printed ephemera, such as broadsides and chapbooks. In the three-year research project&nbsp;<em>Utanf\u00f6rskapets r\u00f6ster<\/em>&nbsp;(Voices from the Outside) funded by&nbsp;<a href=\"http:\/\/kulturradet.se\/en\/In-English\/\">Kulturr\u00e5det<\/a>&nbsp;(the Swedish Arts Council), she contributed with a study of begging verses and broadside ballads about the blind.<\/p>\n<\/external-link-icon><\/div>\n\n<div class=\"w-constrained richtext\"><external-link-icon>\n<p>Currently, Strand is researching Swedish skilling prints from the 18<sup>th<\/sup>&nbsp;and 19<sup>th<\/sup>&nbsp;century, focusing on female malefactors, in the project&nbsp;<em>Penitent sinners, monstrous (m)others: Women, crime and representation in street ballads<\/em>, which is funded by&nbsp;<a href=\"http:\/\/engkviststiftelserna.se\/\">Stiftelsen Olle Engkvist Byggm\u00e4stare<\/a>.<\/p>\n<\/external-link-icon><\/div>\n\n<div class=\"w-constrained richtext\"><external-link-icon>\n<h3 class=\"wp-block-heading\" id=\"publications\">Publications<\/h3>\n<\/external-link-icon><\/div>\n\n<div class=\"w-constrained richtext\"><external-link-icon>\n<p><a href=\"https:\/\/urn.kb.se\/resolve?urn=urn:nbn:se:statensmusikverk-47076\">\u201cEtt tyskt massmord p\u00e5 Stockholms gator. Akt\u00f6rerna kring ett skillingtryck \u00e5r 1697\u201d<\/a>. In: Brandt\u00e6zg och Strand (ed.):\u00a0<em>Skillingsvisene i Norge 1550\u20131950. Studier i en f\u00f6rs\u00f8mt kulturarv.<\/em>\u00a02021. pp. 497\u2013532.<\/p>\n<\/external-link-icon><\/div>\n\n<div class=\"w-constrained richtext\"><external-link-icon>\n<p>\u201cWith a rough piece of twine:\u00a0<em>Skilling ballads<\/em>\u00a0on malefactors: The case of Brita Christina Wanselius 1827\u201d. In:\u00a0<a href=\"https:\/\/gustavadolfsakademien.bokorder.se\/sv-SE\/article\/3582\/arv-nordic-yearbook-of-folklore-vol-74-20\"><em>Arv.<\/em>\u00a0<em>Nordic yearbook of folklore<\/em>\u00a02018<\/a>. pp. 123\u2013147.<\/p>\n<\/external-link-icon><\/div>\n\n<div class=\"w-constrained richtext\"><external-link-icon>\n<p><a href=\"https:\/\/ejlw.eu\/article\/view\/31501\">\u201cLet me tell you my life in a song\u201d<\/a>\u00a0On Autobiography and Begging in Broadside Ballads of the Blind. In: European Journal of Life Writing vol 7, 2018.<\/p>\n<\/external-link-icon><\/div>\n\n<div class=\"w-constrained richtext\"><external-link-icon>\n<p><em>Brott, tiggeri och br\u00e4nnvinets f\u00f6rd\u00e4rv. Studier i socialt orienterade visor i skillingtryck<\/em>, 2016 (Gidlunds f\u00f6rlag).&nbsp;<a href=\"http:\/\/katalog.visarkiv.se\/lib\/views\/prisl\/ShowRecord.aspx?id=1387052\">Order via Svenskt visarkiv<\/a>.<\/p>\n<\/external-link-icon><\/div>\n\n<div class=\"w-constrained richtext\"><external-link-icon>\n<p><a href=\"http:\/\/urn.kb.se\/resolve?urn=urn:nbn:se:statensmusikverk-6547\">\u201cStreet ballads spreading the word. The case of \u2018The two maids who married each other\u2019\u201d<\/a>. In: Edlund et al (ed.),&nbsp;<em>Reading and Writing from Below.&nbsp;<\/em><em>Exploring the Margins of Modernity<\/em>. Ume\u00e5: Ume\u00e5 universitet &amp; Kungl. Skytteanska samfundet 2016. (Northern studies monographs 4, Vardagligt skriftbruk 4).<\/p>\n<\/external-link-icon><\/div>\n\n<div class=\"w-constrained richtext\"><external-link-icon>\n<p>M\u00e4rta Ramsten, Karin Strand och Gunnar Ternhag:\u00a0<a href=\"https:\/\/kgaa.bokorder.se\/sv-SE\/article\/2926\/tryckta-visor\"><em>Tryckta visor. Perspektiv p\u00e5 skillingtryck som k\u00e4llmaterial<\/em><\/a>. Uppsala: Kungl. Gustav Adolfs Akademien f\u00f6r svensk folkkultur 2015. (Skrifter utgivna av Svenskt visarkiv 39).<\/p>\n<\/external-link-icon><\/div>\n\n<div class=\"w-constrained richtext\"><external-link-icon>\n<p>\u201d\u2019Mitt liv ska jag f\u00f6rt\u00e4lja f\u00f6r eder uti s\u00e5ng\u2019. Om f\u00f6rh\u00e5llandet mellan liv och text i blindvisor\u201d. In Ann-Catrine Edlund &amp; Susanne Haugen (ed.)&nbsp;<em>Vernacular Literacies \u2013 Past, Present and Future<\/em>. 2014. Ume\u00e5: Ume\u00e5 universitet. (Vardagligt skriftbruk 3).<\/p>\n<\/external-link-icon><\/div>\n\n<div class=\"w-constrained richtext\"><external-link-icon>\n<p>\u201d\u2019K\u00f6p den blindes s\u00e5ng\u2019. Om sj\u00e4lvbiografi och bettleri i tiggarverser av blinda\u201d. In: Ann-Catrine Edlund &amp; Susanne Haugen (ed.):&nbsp;<em>Vardagligt skriftbruk och identitet<\/em>. Ume\u00e5: Ume\u00e5 universitet. (Vardagligt skriftbruk 2). 2014.<\/p>\n<\/external-link-icon><\/div>\n\n<div class=\"w-constrained richtext\"><external-link-icon>\n<p>\u201cPerforming Affiliation. On Topos in the Swedish Preliminaries.\u201d In Dafni Tragaki (ed.)&nbsp;<em>Empire of song.&nbsp;<\/em><em>Europe and nation in the Eurovision Song Contest<\/em>. Lanham, Ml 2013 (The Scarecrow press) (Europea: Ethnomusicologies and Modernities # 15).<\/p>\n<\/external-link-icon><\/div>\n\n<div class=\"w-constrained richtext\"><external-link-icon>\n<p>\u201dDrinkarflickans d\u00f6d. Moral och melodrama i skillingtryckens nykterhetsvisor\u201d. In: Ann-Catrine Edlund (ed.):&nbsp;<em>Att l\u00e4sa och att skriva: tv\u00e5 v\u00e5gor av vardagligt skriftbruk i Norden 1800\u20132000<\/em>. Ume\u00e5 2012 &nbsp;(Kungl. Skytteanska samfundet och Ume\u00e5 universitet) (Nordliga studier 3. Vardagligt skriftbruk 1).<\/p>\n<\/external-link-icon><\/div>\n\n<div class=\"w-constrained richtext\"><external-link-icon>\n<p>Ulf Peder Olrog:&nbsp;<em>Studier i folkets visor<\/em>. Published and commented by Mathias Bostr\u00f6m, M\u00e4rta Ramsten and Karin Strand. Stockholm 2011 (Svenskt visarkiv together with Samfundet f\u00f6r visforskning) (Skrifter utgivna av Svenskt visarkiv 31).&nbsp;<a href=\"http:\/\/katalog.visarkiv.se\/lib\/views\/prisl\/ShowRecord.aspx?id=1357367\">Order via Svenskt visarkiv<\/a>.<\/p>\n<\/external-link-icon><\/div>\n\n<div class=\"w-constrained richtext\"><external-link-icon>\n<p>\u201dL\u00e4rda referenser och folkliga preferenser: nedslag i Rosenbloms textv\u00e4rldar\u201d. In:&nbsp;<em>Noterat&nbsp;<\/em>nr&nbsp;19, Stockholm 2011 (Svenskt visarkiv).&nbsp;<a href=\"http:\/\/katalog.visarkiv.se\/lib\/views\/prisl\/ShowRecord.aspx?id=1361288\">Order via Svenskt visarkiv<\/a>.<\/p>\n<\/external-link-icon><\/div>\n\n<div class=\"w-constrained richtext\"><external-link-icon>\n<p>\u201dL\u00e5ngt fjerran ifr\u00e5n hemmets k\u00e4nda str\u00e4nder\u201d: dikt och dokumentation om mordet p\u00e5 kofferdikapten Sven Petter Lagerhamn. In:&nbsp;<em>Noterat&nbsp;<\/em>nr&nbsp;18. Stockholm 2010 (Svenskt visarkiv).&nbsp;<a href=\"http:\/\/katalog.visarkiv.se\/lib\/views\/prisl\/ShowRecord.aspx?id=1361287\">Order via Svenskt visarkiv<\/a>.<\/p>\n<\/external-link-icon><\/div>\n\n<div class=\"w-constrained richtext\"><external-link-icon>\n<p>\u201dP\u00e5 pr\u00e4nt och mellan raderna: perspektiv p\u00e5 en handskriven \u2018schlagerbok\u2019\u201d. In Gunnar Ternhag (ed.)&nbsp;<em>Samlade visor: perspektiv p\u00e5 handskrivna visb\u00f6cker: f\u00f6redrag vid ett symposium p\u00e5 Svenskt visarkiv 6\u20137 februari<\/em>. Uppsala 2008 (Kungl. Gustav Adolfs Akademien f\u00f6r svensk folkkultur) (Skrifter utgivna av Svenskt visarkiv 24).&nbsp;<a href=\"http:\/\/katalog.visarkiv.se\/lib\/views\/prisl\/ShowRecord.aspx?id=1357364\">Order via Svenskt visarkiv<\/a>.<\/p>\n<\/external-link-icon><\/div>\n\n<div class=\"w-constrained richtext\"><external-link-icon>\n<p><em>K\u00e4nsliga bitar: text- och kontextstudier i sentimental popul\u00e4rs\u00e5ng<\/em>. Skellefte\u00e5 2003 (Ord &amp; visor). Diss.&nbsp;<a href=\"http:\/\/katalog.visarkiv.se\/lib\/views\/prisl\/ShowRecord.aspx?id=1357439\">Order via Svenskt visarkiv<\/a><em>.<\/em><\/p>\n<\/external-link-icon><\/div>","protected":false},"excerpt":{"rendered":"<p>In 2003 she defended her dissertation in comparative literature about the sentimental popular song (schlager) tradition in Sweden,&nbsp;K\u00e4nsliga bitar. Text- och kontextstudier i sentimental popul\u00e4rs\u00e5ng&nbsp;(Emotional Songs: Text- and Context Studies of the Sentimental Schlager). Since her defense, Strand\u2019s research interests have concerned the mediation of and specific themes within early popular songs in handwritten songbooks [&hellip;]<\/p>\n","protected":false},"author":2,"featured_media":0,"parent":3150,"menu_order":0,"comment_status":"closed","ping_status":"closed","template":"","meta":{"_acf_changed":false,"footnotes":""},"class_list":["post-2121","page","type-page","status-publish","hentry"],"acf":[],"yoast_head":"<!-- This site is optimized with the Yoast SEO plugin v25.8 - https:\/\/yoast.com\/wordpress\/plugins\/seo\/ -->\n<title>Karin Strand - Svenskt visarkiv<\/title>\n<meta name=\"robots\" content=\"index, follow, max-snippet:-1, max-image-preview:large, max-video-preview:-1\" \/>\n<link rel=\"canonical\" href=\"https:\/\/svensktvisarkiv.se\/forskning\/karin-strand\/\" \/>\n<meta property=\"og:locale\" content=\"en_US\" \/>\n<meta property=\"og:type\" content=\"article\" \/>\n<meta property=\"og:title\" content=\"Karin Strand - Svenskt visarkiv\" \/>\n<meta property=\"og:description\" content=\"In 2003 she defended her dissertation in comparative literature about the sentimental popular song (schlager) tradition in Sweden,&nbsp;K\u00e4nsliga bitar. Text- och kontextstudier i sentimental popul\u00e4rs\u00e5ng&nbsp;(Emotional Songs: Text- and Context Studies of the Sentimental Schlager). Since her defense, Strand\u2019s research interests have concerned the mediation of and specific themes within early popular songs in handwritten songbooks [&hellip;]\" \/>\n<meta property=\"og:url\" content=\"https:\/\/svensktvisarkiv.se\/forskning\/karin-strand\/\" \/>\n<meta property=\"og:site_name\" content=\"Svenskt visarkiv\" \/>\n<meta property=\"article:modified_time\" content=\"2024-12-10T14:21:36+00:00\" \/>\n<meta name=\"twitter:card\" content=\"summary_large_image\" \/>\n<meta name=\"twitter:label1\" content=\"Est. reading time\" \/>\n\t<meta name=\"twitter:data1\" content=\"4 minutes\" \/>\n<script type=\"application\/ld+json\" class=\"yoast-schema-graph\">{\"@context\":\"https:\/\/schema.org\",\"@graph\":[{\"@type\":\"WebPage\",\"@id\":\"https:\/\/svensktvisarkiv.se\/forskning\/karin-strand\/\",\"url\":\"https:\/\/svensktvisarkiv.se\/forskning\/karin-strand\/\",\"name\":\"Karin Strand - Svenskt visarkiv\",\"isPartOf\":{\"@id\":\"https:\/\/svensktvisarkiv.se\/#website\"},\"datePublished\":\"2024-10-14T09:41:43+00:00\",\"dateModified\":\"2024-12-10T14:21:36+00:00\",\"breadcrumb\":{\"@id\":\"https:\/\/svensktvisarkiv.se\/forskning\/karin-strand\/#breadcrumb\"},\"inLanguage\":\"en-US\",\"potentialAction\":[{\"@type\":\"ReadAction\",\"target\":[\"https:\/\/svensktvisarkiv.se\/forskning\/karin-strand\/\"]}]},{\"@type\":\"BreadcrumbList\",\"@id\":\"https:\/\/svensktvisarkiv.se\/forskning\/karin-strand\/#breadcrumb\",\"itemListElement\":[{\"@type\":\"ListItem\",\"position\":1,\"name\":\"Home\",\"item\":\"https:\/\/svensktvisarkiv.se\/en\/\"},{\"@type\":\"ListItem\",\"position\":2,\"name\":\"Research\",\"item\":\"https:\/\/svensktvisarkiv.se\/forskning\/\"},{\"@type\":\"ListItem\",\"position\":3,\"name\":\"Karin Strand\"}]},{\"@type\":\"WebSite\",\"@id\":\"https:\/\/svensktvisarkiv.se\/#website\",\"url\":\"https:\/\/svensktvisarkiv.se\/\",\"name\":\"Svenskt visarkiv\",\"description\":\"\",\"potentialAction\":[{\"@type\":\"SearchAction\",\"target\":{\"@type\":\"EntryPoint\",\"urlTemplate\":\"https:\/\/svensktvisarkiv.se\/?s={search_term_string}\"},\"query-input\":{\"@type\":\"PropertyValueSpecification\",\"valueRequired\":true,\"valueName\":\"search_term_string\"}}],\"inLanguage\":\"en-US\"}]}<\/script>\n<!-- \/ Yoast SEO plugin. -->","yoast_head_json":{"title":"Karin Strand - Svenskt visarkiv","robots":{"index":"index","follow":"follow","max-snippet":"max-snippet:-1","max-image-preview":"max-image-preview:large","max-video-preview":"max-video-preview:-1"},"canonical":"https:\/\/svensktvisarkiv.se\/forskning\/karin-strand\/","og_locale":"en_US","og_type":"article","og_title":"Karin Strand - Svenskt visarkiv","og_description":"In 2003 she defended her dissertation in comparative literature about the sentimental popular song (schlager) tradition in Sweden,&nbsp;K\u00e4nsliga bitar. Text- och kontextstudier i sentimental popul\u00e4rs\u00e5ng&nbsp;(Emotional Songs: Text- and Context Studies of the Sentimental Schlager). Since her defense, Strand\u2019s research interests have concerned the mediation of and specific themes within early popular songs in handwritten songbooks [&hellip;]","og_url":"https:\/\/svensktvisarkiv.se\/forskning\/karin-strand\/","og_site_name":"Svenskt visarkiv","article_modified_time":"2024-12-10T14:21:36+00:00","twitter_card":"summary_large_image","twitter_misc":{"Est. reading time":"4 minutes"},"schema":{"@context":"https:\/\/schema.org","@graph":[{"@type":"WebPage","@id":"https:\/\/svensktvisarkiv.se\/forskning\/karin-strand\/","url":"https:\/\/svensktvisarkiv.se\/forskning\/karin-strand\/","name":"Karin Strand - Svenskt visarkiv","isPartOf":{"@id":"https:\/\/svensktvisarkiv.se\/#website"},"datePublished":"2024-10-14T09:41:43+00:00","dateModified":"2024-12-10T14:21:36+00:00","breadcrumb":{"@id":"https:\/\/svensktvisarkiv.se\/forskning\/karin-strand\/#breadcrumb"},"inLanguage":"en-US","potentialAction":[{"@type":"ReadAction","target":["https:\/\/svensktvisarkiv.se\/forskning\/karin-strand\/"]}]},{"@type":"BreadcrumbList","@id":"https:\/\/svensktvisarkiv.se\/forskning\/karin-strand\/#breadcrumb","itemListElement":[{"@type":"ListItem","position":1,"name":"Home","item":"https:\/\/svensktvisarkiv.se\/en\/"},{"@type":"ListItem","position":2,"name":"Research","item":"https:\/\/svensktvisarkiv.se\/forskning\/"},{"@type":"ListItem","position":3,"name":"Karin Strand"}]},{"@type":"WebSite","@id":"https:\/\/svensktvisarkiv.se\/#website","url":"https:\/\/svensktvisarkiv.se\/","name":"Svenskt visarkiv","description":"","potentialAction":[{"@type":"SearchAction","target":{"@type":"EntryPoint","urlTemplate":"https:\/\/svensktvisarkiv.se\/?s={search_term_string}"},"query-input":{"@type":"PropertyValueSpecification","valueRequired":true,"valueName":"search_term_string"}}],"inLanguage":"en-US"}]}},"_links":{"self":[{"href":"https:\/\/svensktvisarkiv.se\/en\/wp-json\/wp\/v2\/pages\/2121","targetHints":{"allow":["GET"]}}],"collection":[{"href":"https:\/\/svensktvisarkiv.se\/en\/wp-json\/wp\/v2\/pages"}],"about":[{"href":"https:\/\/svensktvisarkiv.se\/en\/wp-json\/wp\/v2\/types\/page"}],"author":[{"embeddable":true,"href":"https:\/\/svensktvisarkiv.se\/en\/wp-json\/wp\/v2\/users\/2"}],"replies":[{"embeddable":true,"href":"https:\/\/svensktvisarkiv.se\/en\/wp-json\/wp\/v2\/comments?post=2121"}],"version-history":[{"count":2,"href":"https:\/\/svensktvisarkiv.se\/en\/wp-json\/wp\/v2\/pages\/2121\/revisions"}],"predecessor-version":[{"id":5050,"href":"https:\/\/svensktvisarkiv.se\/en\/wp-json\/wp\/v2\/pages\/2121\/revisions\/5050"}],"up":[{"embeddable":true,"href":"https:\/\/svensktvisarkiv.se\/en\/wp-json\/wp\/v2\/pages\/3150"}],"wp:attachment":[{"href":"https:\/\/svensktvisarkiv.se\/en\/wp-json\/wp\/v2\/media?parent=2121"}],"curies":[{"name":"wp","href":"https:\/\/api.w.org\/{rel}","templated":true}]}}