{"id":2123,"date":"2024-10-14T11:42:53","date_gmt":"2024-10-14T09:42:53","guid":{"rendered":"https:\/\/svensktvisarkiv.se\/?page_id=2123"},"modified":"2026-04-10T09:39:47","modified_gmt":"2026-04-10T07:39:47","slug":"madeleine-modin","status":"publish","type":"page","link":"https:\/\/svensktvisarkiv.se\/en\/research\/madeleine-modin\/","title":{"rendered":"Madeleine Modin"},"content":{"rendered":"<div class=\"w-constrained\">\n\t<p class=\"mb-4 font-light font-text-font text-large-text leading-large-text md:mb-10\">Madeleine Modin, PhD in musicology, is a research archivist focusing on Swedish vocal and instrumental folk music. <\/p>\n<\/div>\n\n\n<div class=\"w-constrained richtext\"><external-link-icon>\n<p>In her research, Madeleine Modin has been interested in issues related to private and institutional collections and collecting of musical instruments, museum practices, cultural heritage, revivals, historical musical instruments, folk instrument making, as well as traditional hymn singing and singer songwriters in the 1960\u2019s.<\/p>\n<\/external-link-icon><\/div>\n\n<div class=\"w-constrained richtext\"><external-link-icon>\n<p>In 2018 Madeleine Modin defended her dissertation in musicology&nbsp;<a href=\"https:\/\/su.diva-portal.org\/smash\/get\/diva2:1195114\/FULLTEXT01.pdf\"><em>Perceptions and Presentations of historical musical instruments. A Study of the Stockholm Museum of Music History, 1899\u20131918<\/em><\/a>&nbsp;at Stockholm University. The study examines the early history of the museum today called&nbsp;<a href=\"https:\/\/scenkonstmuseet.se\/\">Scenkonstmuseet (The Swedish Museum of Performing Arts)<\/a>, as well as the first approaches in Sweden to what later became the Early music movement with performances on historical instruments. For a period, the study was part of&nbsp;Statens musikverk\u2019s&nbsp;research project <a href=\"https:\/\/svensktvisarkiv.se\/forskning\/tidigare-forskning\/mixa-eller-maxa\/\"><em>Pluralize or Polarize: About cultural heritage, identity and popular education<\/em><\/a>, 2011\u20132014.<\/p>\n<\/external-link-icon><\/div>\n\n<div class=\"w-constrained richtext\"><external-link-icon>\n<p>Modin was 2020\u20132021 part of the research project&nbsp;<em>Kreativa f\u00f6rflyttningar \u2013 musikaliska fl\u00f6den i 1960- och 70-talens Sverige<\/em>&nbsp;(<a href=\"https:\/\/carkiv.musikverk.se\/www\/epublikationer\/Creative_Shifts_ed_by_Hylten-Cavallius.pdf\"><em>Creative Shifts \u2013 Musical Flows in 1960s and 1970s Sweden<\/em><\/a>) and looked into the history of Vispr\u00e5men Storken, the most important club and stage for singer-songwriters\/troubadours in Stockholm in the 1960\u2019s.<\/p>\n<\/external-link-icon><\/div>\n\n<div class=\"w-constrained richtext\"><external-link-icon>\n<p>In the research project&nbsp;<em>Immateriellt instrumentbygge som folkmusikalisk materialisering<\/em>&nbsp;(Intangible instrument building as folk musical materialization) funded by The Swedish National Heritage Board 2021\u201323, the aim was to investigate contemporary folk instrument making as an area where negotiations on historic authenticity and product development for a living tradition take place, with a special focus given to makers\u2019 choices of materials. A monograph presenting the project\u2019s results is forthcoming.<\/p>\n<\/external-link-icon><\/div>\n\n<div class=\"w-constrained richtext\"><external-link-icon>\n<p>She teaches musicology at Stockholm University and she is active in several national and international networks. She is Chair of the Swedish committ\u00e9 of <a href=\"https:\/\/ictmusic.org\/\">ICTMD<\/a> and Vice Chair of <a href=\"https:\/\/musikforskning.se\/\">Svenska samfundet f\u00f6r musikforskning<\/a> (Swedish society of music research). She takes part in networks as ICOM Music, INHMS (International Network of Herding Music Scholars), NOFF (Nordiska m\u00f6tet f\u00f6r folkmusikarkiv med forskning och dokumentation) and NoFoVoFo (Nordiskt Forskarn\u00e4tverk for Vokal Folkmusik).<\/p>\n<\/external-link-icon><\/div>\n\n<div class=\"w-constrained richtext\"><external-link-icon>\n<p>Madeleine Modin is the General Editor of Svenskt visarkiv\u2019s scholarly journal&nbsp;<a href=\"https:\/\/publicera.kb.se\/puls\/index\"><em>Puls \u2013 journal for ethnomusicology and ethnochoreology<\/em><\/a>.<\/p>\n<\/external-link-icon><\/div>\n\n<div class=\"w-constrained richtext\"><external-link-icon>\n<h2 class=\"wp-block-heading\">Publications<\/h2>\n<\/external-link-icon><\/div>\n\n<div class=\"w-constrained richtext\"><external-link-icon>\n<p>Modin, Madeleine (2026). \u201cCarl Claudius (1855\u20131931) and His Sound-chests\u201d. In:&nbsp;<em>European, British, and American Musical Instrument Collectors, 1850\u20131940. <\/em>Ed.Christina Linsenmeyer. Series: The Histories of Material Culture and Collecting, 1700\u20131950. Oxford: Routledge.<\/p>\n<\/external-link-icon><\/div>\n\n<div class=\"w-constrained richtext\"><external-link-icon>\n<p>Modin, Madeleine (2023). \u201cThe Audience and the Boat on the Visa Wave. The Visa Barge Storken 1962\u20131969\u201d. In: <em>Creative shifts. Musical flows in 1960s and 1970s Sweden<\/em>. Ed. Hylt\u00e9n-Cavallius, Sverker [Elektronisk resurs] Svenskt visarkiv. Access on internet: <a href=\"https:\/\/urn.kb.se\/resolve?urn=urn:nbn:se:statensmusikverk-56469\">https:\/\/urn.kb.se\/resolve?urn=urn:nbn:se:statensmusikverk-56469<\/a><\/p>\n<\/external-link-icon><\/div>\n\n<div class=\"w-constrained richtext\"><external-link-icon>\n<p>Modin, Madeleine (2022). \u201dPubliken och b\u00e5ten p\u00e5 visv\u00e5gen. Vispr\u00e5men Storken 1962\u20131969\u201d. In: <em>Kreativa f\u00f6rflyttningar: musikaliska fl\u00f6den i 1960- och 1970-talens Sverige<\/em>. Ed. Sverker Hylt\u00e9n-Cavallius. M\u00f6klinta: Gidlunds f\u00f6rlag.<\/p>\n<\/external-link-icon><\/div>\n\n<div class=\"w-constrained richtext\"><external-link-icon>\n<p>Modin, Madeleine (2020). \u201dRudolf Nydahl och hans samling\u201d. In: <em>Stiftelsen Musikkulturens fr\u00e4mjande 1920\u20132020: jubileumsboken<\/em>. Ed. Edward Klingspor. Stockholm: Stiftelsen Musikkulturens fr\u00e4mjande.<\/p>\n<\/external-link-icon><\/div>\n\n<div class=\"w-constrained richtext\"><external-link-icon>\n<p>Modin, Madeleine (2018).&nbsp;<em>Museala och musikaliska f\u00f6rest\u00e4llningar om historiska musikinstrument: en studie av Musikhistoriska museets verksamhet 1899\u20131918<\/em>. Diss. Stockholm: Stockholms universitet. Access on internet: <a href=\"https:\/\/su.diva-portal.org\/smash\/get\/diva2:1195114\/FULLTEXT01.pdf\">https:\/\/su.diva-portal.org\/smash\/get\/diva2:1195114\/FULLTEXT01.pdf<\/a><\/p>\n<\/external-link-icon><\/div>\n\n<div class=\"w-constrained richtext\"><external-link-icon>\n<p>Modin, Madeleine (2014). \u201dDen ut\u00e5triktade verksamheten p\u00e5 Musikhistoriska museet under 1960-talet\u201d. In: <em>Aprop\u00e5 Jan Ling. Elva texter om musikforskning och musikliv presenterade vid ett symposium till Jan Lings minne den 8 april 2014 p\u00e5 Kungl. Musikaliska akademien<\/em>. Eds. M\u00e4rta Ramsten &amp; Gunnar Ternhag. Stockholm: Kungl. Musikaliska akademien och Svenskt visarkiv. Access on internet: <a href=\"http:\/\/urn.kb.se\/resolve?urn=urn:nbn:se:statensmusikverk-6057\">http:\/\/urn.kb.se\/resolve?urn=urn:nbn:se:statensmusikverk-6057<\/a><\/p>\n<\/external-link-icon><\/div>\n\n<div class=\"w-constrained richtext\"><external-link-icon>\n<p>Modin, Madeleine (2013). \u201dErnst Emsheimers Extended Network\u201d. In: <em>Studia instrumentorum musicae popularis III<\/em> (New Series). 18th Meeting of the ICTM Study Group on Folk Musical Instruments. Ed. Gisa J\u00e4hnichen. M\u00fcnster: Monsenstein und Vannerdat.<\/p>\n<\/external-link-icon><\/div>\n\n<div class=\"w-constrained richtext\"><external-link-icon>\n<p>Modin, Madeleine (2010). <em>Den folkliga koralen och ursprungsfr\u00e5gan teori- och metodproblem, identitet och f\u00f6rst\u00e5else<\/em>. Masters thesis. Stockholms universitet, Institutionen f\u00f6r musik- och teatervetenskap. Access on internet: <a href=\"http:\/\/urn.kb.se\/resolve?urn=urn:nbn:se:su:diva-55703\">http:\/\/urn.kb.se\/resolve?urn=urn:nbn:se:su:diva-55703<\/a><\/p>\n<\/external-link-icon><\/div>","protected":false},"excerpt":{"rendered":"<p>In her research, Madeleine Modin has been interested in issues related to private and institutional collections and collecting of musical instruments, museum practices, cultural heritage, revivals, historical musical instruments, folk instrument making, as well as traditional hymn singing and singer songwriters in the 1960\u2019s. In 2018 Madeleine Modin defended her dissertation in musicology&nbsp;Perceptions and Presentations [&hellip;]<\/p>\n","protected":false},"author":2,"featured_media":0,"parent":3150,"menu_order":0,"comment_status":"closed","ping_status":"closed","template":"","meta":{"_acf_changed":false,"footnotes":""},"class_list":["post-2123","page","type-page","status-publish","hentry"],"acf":[],"yoast_head":"<!-- This site is optimized with the Yoast SEO plugin v25.8 - https:\/\/yoast.com\/wordpress\/plugins\/seo\/ -->\n<title>Madeleine Modin - Svenskt visarkiv<\/title>\n<meta name=\"robots\" content=\"index, follow, max-snippet:-1, max-image-preview:large, max-video-preview:-1\" \/>\n<link rel=\"canonical\" href=\"https:\/\/svensktvisarkiv.se\/en\/research\/madeleine-modin\/\" \/>\n<meta property=\"og:locale\" content=\"en_US\" \/>\n<meta property=\"og:type\" content=\"article\" \/>\n<meta property=\"og:title\" content=\"Madeleine Modin - Svenskt visarkiv\" \/>\n<meta property=\"og:description\" content=\"In her research, Madeleine Modin has been interested in issues related to private and institutional collections and collecting of musical instruments, museum practices, cultural heritage, revivals, historical musical instruments, folk instrument making, as well as traditional hymn singing and singer songwriters in the 1960\u2019s. In 2018 Madeleine Modin defended her dissertation in musicology&nbsp;Perceptions and Presentations [&hellip;]\" \/>\n<meta property=\"og:url\" content=\"https:\/\/svensktvisarkiv.se\/en\/research\/madeleine-modin\/\" \/>\n<meta property=\"og:site_name\" content=\"Svenskt visarkiv\" \/>\n<meta property=\"article:modified_time\" content=\"2026-04-10T07:39:47+00:00\" \/>\n<meta name=\"twitter:card\" content=\"summary_large_image\" \/>\n<meta name=\"twitter:label1\" content=\"Est. reading time\" \/>\n\t<meta name=\"twitter:data1\" content=\"3 minutes\" \/>\n<script type=\"application\/ld+json\" class=\"yoast-schema-graph\">{\"@context\":\"https:\/\/schema.org\",\"@graph\":[{\"@type\":\"WebPage\",\"@id\":\"https:\/\/svensktvisarkiv.se\/en\/research\/madeleine-modin\/\",\"url\":\"https:\/\/svensktvisarkiv.se\/en\/research\/madeleine-modin\/\",\"name\":\"Madeleine Modin - Svenskt visarkiv\",\"isPartOf\":{\"@id\":\"https:\/\/svensktvisarkiv.se\/#website\"},\"datePublished\":\"2024-10-14T09:42:53+00:00\",\"dateModified\":\"2026-04-10T07:39:47+00:00\",\"breadcrumb\":{\"@id\":\"https:\/\/svensktvisarkiv.se\/en\/research\/madeleine-modin\/#breadcrumb\"},\"inLanguage\":\"en-US\",\"potentialAction\":[{\"@type\":\"ReadAction\",\"target\":[\"https:\/\/svensktvisarkiv.se\/en\/research\/madeleine-modin\/\"]}]},{\"@type\":\"BreadcrumbList\",\"@id\":\"https:\/\/svensktvisarkiv.se\/en\/research\/madeleine-modin\/#breadcrumb\",\"itemListElement\":[{\"@type\":\"ListItem\",\"position\":1,\"name\":\"Home\",\"item\":\"https:\/\/svensktvisarkiv.se\/en\/\"},{\"@type\":\"ListItem\",\"position\":2,\"name\":\"Research\",\"item\":\"https:\/\/svensktvisarkiv.se\/forskning\/\"},{\"@type\":\"ListItem\",\"position\":3,\"name\":\"Madeleine Modin\"}]},{\"@type\":\"WebSite\",\"@id\":\"https:\/\/svensktvisarkiv.se\/#website\",\"url\":\"https:\/\/svensktvisarkiv.se\/\",\"name\":\"Svenskt visarkiv\",\"description\":\"\",\"potentialAction\":[{\"@type\":\"SearchAction\",\"target\":{\"@type\":\"EntryPoint\",\"urlTemplate\":\"https:\/\/svensktvisarkiv.se\/?s={search_term_string}\"},\"query-input\":{\"@type\":\"PropertyValueSpecification\",\"valueRequired\":true,\"valueName\":\"search_term_string\"}}],\"inLanguage\":\"en-US\"}]}<\/script>\n<!-- \/ Yoast SEO plugin. -->","yoast_head_json":{"title":"Madeleine Modin - Svenskt visarkiv","robots":{"index":"index","follow":"follow","max-snippet":"max-snippet:-1","max-image-preview":"max-image-preview:large","max-video-preview":"max-video-preview:-1"},"canonical":"https:\/\/svensktvisarkiv.se\/en\/research\/madeleine-modin\/","og_locale":"en_US","og_type":"article","og_title":"Madeleine Modin - Svenskt visarkiv","og_description":"In her research, Madeleine Modin has been interested in issues related to private and institutional collections and collecting of musical instruments, museum practices, cultural heritage, revivals, historical musical instruments, folk instrument making, as well as traditional hymn singing and singer songwriters in the 1960\u2019s. In 2018 Madeleine Modin defended her dissertation in musicology&nbsp;Perceptions and Presentations [&hellip;]","og_url":"https:\/\/svensktvisarkiv.se\/en\/research\/madeleine-modin\/","og_site_name":"Svenskt visarkiv","article_modified_time":"2026-04-10T07:39:47+00:00","twitter_card":"summary_large_image","twitter_misc":{"Est. reading time":"3 minutes"},"schema":{"@context":"https:\/\/schema.org","@graph":[{"@type":"WebPage","@id":"https:\/\/svensktvisarkiv.se\/en\/research\/madeleine-modin\/","url":"https:\/\/svensktvisarkiv.se\/en\/research\/madeleine-modin\/","name":"Madeleine Modin - Svenskt visarkiv","isPartOf":{"@id":"https:\/\/svensktvisarkiv.se\/#website"},"datePublished":"2024-10-14T09:42:53+00:00","dateModified":"2026-04-10T07:39:47+00:00","breadcrumb":{"@id":"https:\/\/svensktvisarkiv.se\/en\/research\/madeleine-modin\/#breadcrumb"},"inLanguage":"en-US","potentialAction":[{"@type":"ReadAction","target":["https:\/\/svensktvisarkiv.se\/en\/research\/madeleine-modin\/"]}]},{"@type":"BreadcrumbList","@id":"https:\/\/svensktvisarkiv.se\/en\/research\/madeleine-modin\/#breadcrumb","itemListElement":[{"@type":"ListItem","position":1,"name":"Home","item":"https:\/\/svensktvisarkiv.se\/en\/"},{"@type":"ListItem","position":2,"name":"Research","item":"https:\/\/svensktvisarkiv.se\/forskning\/"},{"@type":"ListItem","position":3,"name":"Madeleine Modin"}]},{"@type":"WebSite","@id":"https:\/\/svensktvisarkiv.se\/#website","url":"https:\/\/svensktvisarkiv.se\/","name":"Svenskt visarkiv","description":"","potentialAction":[{"@type":"SearchAction","target":{"@type":"EntryPoint","urlTemplate":"https:\/\/svensktvisarkiv.se\/?s={search_term_string}"},"query-input":{"@type":"PropertyValueSpecification","valueRequired":true,"valueName":"search_term_string"}}],"inLanguage":"en-US"}]}},"_links":{"self":[{"href":"https:\/\/svensktvisarkiv.se\/en\/wp-json\/wp\/v2\/pages\/2123","targetHints":{"allow":["GET"]}}],"collection":[{"href":"https:\/\/svensktvisarkiv.se\/en\/wp-json\/wp\/v2\/pages"}],"about":[{"href":"https:\/\/svensktvisarkiv.se\/en\/wp-json\/wp\/v2\/types\/page"}],"author":[{"embeddable":true,"href":"https:\/\/svensktvisarkiv.se\/en\/wp-json\/wp\/v2\/users\/2"}],"replies":[{"embeddable":true,"href":"https:\/\/svensktvisarkiv.se\/en\/wp-json\/wp\/v2\/comments?post=2123"}],"version-history":[{"count":5,"href":"https:\/\/svensktvisarkiv.se\/en\/wp-json\/wp\/v2\/pages\/2123\/revisions"}],"predecessor-version":[{"id":10865,"href":"https:\/\/svensktvisarkiv.se\/en\/wp-json\/wp\/v2\/pages\/2123\/revisions\/10865"}],"up":[{"embeddable":true,"href":"https:\/\/svensktvisarkiv.se\/en\/wp-json\/wp\/v2\/pages\/3150"}],"wp:attachment":[{"href":"https:\/\/svensktvisarkiv.se\/en\/wp-json\/wp\/v2\/media?parent=2123"}],"curies":[{"name":"wp","href":"https:\/\/api.w.org\/{rel}","templated":true}]}}