{"id":6026,"date":"2025-02-03T15:11:58","date_gmt":"2025-02-03T14:11:58","guid":{"rendered":"https:\/\/svensktvisarkiv.se\/?page_id=6026"},"modified":"2025-12-01T09:59:40","modified_gmt":"2025-12-01T08:59:40","slug":"sami-joik","status":"publish","type":"page","link":"https:\/\/svensktvisarkiv.se\/en\/sami-voices\/sami-joik\/","title":{"rendered":"Sami yoik"},"content":{"rendered":"\n\n<div class=\"w-constrained richtext\"><external-link-icon>\n<h2 class=\"wp-block-heading\">Yoiking a person or animal<\/h2>\n<\/external-link-icon><\/div>\n\n<div class=\"w-constrained richtext\"><external-link-icon>\n<p>Traditional yoiks relate to what has been described as a\u00a0<em>reference object<\/em>; this may be a person, an animal or a place. A performer does not yoik\u00a0<em>about<\/em>\u00a0a particular person or animal, but rather yoiks that person or animal, which is to say, giving them a musical formation in performance, influenced by the yoiker\u2019s perception and appreciation of their qualities.<\/p>\n<\/external-link-icon><\/div>\n\n<div class=\"w-constrained richtext\"><external-link-icon>\n<p>These yoik melodies are used by social groups, so that the yoiks become a form of musical name for the reference object, which many Sami can recognise and perform at different times. For example, during Karl Tir\u00e9n\u2019s recording sessions it sometimes occurred that when a new person came into the room, one of the present yoikers would begin to perform the \u2018personal yoik\u2019 of that individual, as a means of welcome and of confirming his or her relationship with them.<\/p>\n<\/external-link-icon><\/div>\n\n<div class=\"w-constrained richtext\"><external-link-icon>\n<h2 class=\"wp-block-heading\">Musical characteristics<\/h2>\n<\/external-link-icon><\/div>\n\n<div class=\"w-constrained richtext\"><external-link-icon>\n<p>It is often possible to identify yoik through its approach to the voice and timbre \u2013 often sung with what has been described as a \u201cpressed\u201d or \u201cpinched\u201d voice, and a rich use of ornaments and glissandi between notes. When yoik melodies are represented in musical notation, it is not unusual to see asymmetrical time signatures (for example, 5\/8, 7\/8 or 11\/8), with the melodies often being cyclical, so that the performance may continue for as long as the yoiker desires, or the situation allows.<\/p>\n<\/external-link-icon><\/div>\n\n<div class=\"w-constrained richtext\"><external-link-icon>\n<p>The Swedish verb\u00a0<em>jojka<\/em>\u00a0is derived from the Sami\u00a0<em>juiogat<\/em>. In Swedish, the act of yoiking has increasingly come to be known as yoik. Quite simply, you yoik a yoik. The S\u00e1mi terminology is rather different. In the Northern Sami language, one yoiks a\u00a0<em>luohti<\/em>\u00a0(plural\u00a0<em>luo\u00f0it<\/em>), in Lulesami, a\u00a0<em>vuolle<\/em>\u00a0(plural\u00a0<em>vuole<\/em>) and in Southern Sami, a\u00a0<em>vuelie\u00a0<\/em>(plural\u00a0<em>vuelieh<\/em>). For the performance of songs and hymns the terms\u00a0<em>l\u00e1vla<\/em>, singing, and\u00a0<em>l\u00e1vlut<\/em>, to sing, are used.<\/p>\n<\/external-link-icon><\/div>\n\n<div class=\"w-constrained richtext\"><external-link-icon>\n<h2 class=\"wp-block-heading\">Further reading<\/h2>\n<\/external-link-icon><\/div>\n\n<div class=\"w-constrained richtext\"><external-link-icon>\n<ul class=\"wp-block-list\">\n<li>Aksdal, Bj\u00f8rn &amp; Nyhus, Sven (ed.) (1993).&nbsp;<em>Fanitullen: innf\u00f8ring i norsk og samisk folkemusikk<\/em>&nbsp;Oslo: Universitetsforlaget. (Ola Graff\u2019s chapter \u201csamisk musikk\u201d)<\/li>\n\n\n\n<li>Graff, Ola (2004).<em>&nbsp;Om kj\u00e6resten min vil jeg joike.Unders \u00f8kelser om en utd\u00f8dd sj\u00f8samisk joiketradisjon<\/em>. Karasjok: Davvi Girji<\/li>\n\n\n\n<li>Hilder, Thomas 2015.<em>&nbsp;S\u00e1mi musical performance and the politics of indigenity in Northern Europ\u00e9<\/em>. Lanham, Maryland: Rowman &amp; Littlefield<\/li>\n\n\n\n<li>Kjellstr\u00f6m, Rolf, Ternhag, Gunnar &amp; Rydving, H\u00e5kan (1988).&nbsp;<em>Om joik<\/em>. Hedemora: Gidlund<\/li>\n\n\n\n<li>Lundberg, Dan &amp; Ternhag, Gunnar (2005).\u00a0<em>Folkmusik i Sverige<\/em>. 2<sup>nd<\/sup>\u00a0revised edition. Hedemora: Gidlund. (chapter about yoik)<\/li>\n\n\n\n<li>Lundberg, Dan &amp; Ternhag, Gunnar (ed.) (2011).&nbsp;Yoik:&nbsp;<em>Aspects of performing, collecting, interpreting<\/em>. Stockholm: Swedish visarkiv in collaboration with \u00c1jtte.<\/li>\n\n\n\n<li>Ramnarine, Tina 2015: \u201cFrozen. Through Nordic Frames.\u201d (Svenskt visarkiv\/Musikverket)<\/li>\n<\/ul>\n<\/external-link-icon><\/div>\n\n<div class=\"w-constrained richtext\"><external-link-icon>\n<p><a href=\"https:\/\/svensktvisarkiv.se\/en\/sami-voices\/\">Back to Sami voices<\/a><\/p>\n<\/external-link-icon><\/div>\n\n<div class=\"w-constrained richtext\"><external-link-icon>\n<p><\/p>\n<\/external-link-icon><\/div>","protected":false},"excerpt":{"rendered":"<p>Yoiking a person or animal Traditional yoiks relate to what has been described as a\u00a0reference object; this may be a person, an animal or a place. A performer does not yoik\u00a0about\u00a0a particular person or animal, but rather yoiks that person or animal, which is to say, giving them a musical formation in performance, influenced by [&hellip;]<\/p>\n","protected":false},"author":2,"featured_media":0,"parent":6008,"menu_order":0,"comment_status":"closed","ping_status":"closed","template":"","meta":{"_acf_changed":false,"footnotes":""},"class_list":["post-6026","page","type-page","status-publish","hentry"],"acf":[],"yoast_head":"<!-- This site is optimized with the Yoast SEO plugin v25.8 - https:\/\/yoast.com\/wordpress\/plugins\/seo\/ -->\n<title>Sami yoik - Svenskt visarkiv<\/title>\n<meta name=\"robots\" content=\"index, follow, max-snippet:-1, max-image-preview:large, max-video-preview:-1\" \/>\n<link rel=\"canonical\" href=\"https:\/\/svensktvisarkiv.se\/en\/sami-voices\/sami-joik\/\" \/>\n<meta property=\"og:locale\" content=\"en_US\" \/>\n<meta property=\"og:type\" content=\"article\" \/>\n<meta property=\"og:title\" content=\"Sami yoik - Svenskt visarkiv\" \/>\n<meta property=\"og:description\" content=\"Yoiking a person or animal Traditional yoiks relate to what has been described as a\u00a0reference object; this may be a person, an animal or a place. A performer does not yoik\u00a0about\u00a0a particular person or animal, but rather yoiks that person or animal, which is to say, giving them a musical formation in performance, influenced by [&hellip;]\" \/>\n<meta property=\"og:url\" content=\"https:\/\/svensktvisarkiv.se\/en\/sami-voices\/sami-joik\/\" \/>\n<meta property=\"og:site_name\" content=\"Svenskt visarkiv\" \/>\n<meta property=\"article:modified_time\" content=\"2025-12-01T08:59:40+00:00\" \/>\n<meta name=\"twitter:card\" content=\"summary_large_image\" \/>\n<meta name=\"twitter:label1\" content=\"Est. reading time\" \/>\n\t<meta name=\"twitter:data1\" content=\"3 minutes\" \/>\n<script type=\"application\/ld+json\" class=\"yoast-schema-graph\">{\"@context\":\"https:\/\/schema.org\",\"@graph\":[{\"@type\":\"WebPage\",\"@id\":\"https:\/\/svensktvisarkiv.se\/en\/sami-voices\/sami-joik\/\",\"url\":\"https:\/\/svensktvisarkiv.se\/en\/sami-voices\/sami-joik\/\",\"name\":\"Sami yoik - Svenskt visarkiv\",\"isPartOf\":{\"@id\":\"https:\/\/svensktvisarkiv.se\/#website\"},\"datePublished\":\"2025-02-03T14:11:58+00:00\",\"dateModified\":\"2025-12-01T08:59:40+00:00\",\"breadcrumb\":{\"@id\":\"https:\/\/svensktvisarkiv.se\/en\/sami-voices\/sami-joik\/#breadcrumb\"},\"inLanguage\":\"en-US\",\"potentialAction\":[{\"@type\":\"ReadAction\",\"target\":[\"https:\/\/svensktvisarkiv.se\/en\/sami-voices\/sami-joik\/\"]}]},{\"@type\":\"BreadcrumbList\",\"@id\":\"https:\/\/svensktvisarkiv.se\/en\/sami-voices\/sami-joik\/#breadcrumb\",\"itemListElement\":[{\"@type\":\"ListItem\",\"position\":1,\"name\":\"Home\",\"item\":\"https:\/\/svensktvisarkiv.se\/en\/\"},{\"@type\":\"ListItem\",\"position\":2,\"name\":\"Sami voices\",\"item\":\"https:\/\/svensktvisarkiv.se\/en\/sami-voices\/\"},{\"@type\":\"ListItem\",\"position\":3,\"name\":\"Sami yoik\"}]},{\"@type\":\"WebSite\",\"@id\":\"https:\/\/svensktvisarkiv.se\/#website\",\"url\":\"https:\/\/svensktvisarkiv.se\/\",\"name\":\"Svenskt visarkiv\",\"description\":\"\",\"potentialAction\":[{\"@type\":\"SearchAction\",\"target\":{\"@type\":\"EntryPoint\",\"urlTemplate\":\"https:\/\/svensktvisarkiv.se\/?s={search_term_string}\"},\"query-input\":{\"@type\":\"PropertyValueSpecification\",\"valueRequired\":true,\"valueName\":\"search_term_string\"}}],\"inLanguage\":\"en-US\"}]}<\/script>\n<!-- \/ Yoast SEO plugin. -->","yoast_head_json":{"title":"Sami yoik - Svenskt visarkiv","robots":{"index":"index","follow":"follow","max-snippet":"max-snippet:-1","max-image-preview":"max-image-preview:large","max-video-preview":"max-video-preview:-1"},"canonical":"https:\/\/svensktvisarkiv.se\/en\/sami-voices\/sami-joik\/","og_locale":"en_US","og_type":"article","og_title":"Sami yoik - Svenskt visarkiv","og_description":"Yoiking a person or animal Traditional yoiks relate to what has been described as a\u00a0reference object; this may be a person, an animal or a place. A performer does not yoik\u00a0about\u00a0a particular person or animal, but rather yoiks that person or animal, which is to say, giving them a musical formation in performance, influenced by [&hellip;]","og_url":"https:\/\/svensktvisarkiv.se\/en\/sami-voices\/sami-joik\/","og_site_name":"Svenskt visarkiv","article_modified_time":"2025-12-01T08:59:40+00:00","twitter_card":"summary_large_image","twitter_misc":{"Est. reading time":"3 minutes"},"schema":{"@context":"https:\/\/schema.org","@graph":[{"@type":"WebPage","@id":"https:\/\/svensktvisarkiv.se\/en\/sami-voices\/sami-joik\/","url":"https:\/\/svensktvisarkiv.se\/en\/sami-voices\/sami-joik\/","name":"Sami yoik - Svenskt visarkiv","isPartOf":{"@id":"https:\/\/svensktvisarkiv.se\/#website"},"datePublished":"2025-02-03T14:11:58+00:00","dateModified":"2025-12-01T08:59:40+00:00","breadcrumb":{"@id":"https:\/\/svensktvisarkiv.se\/en\/sami-voices\/sami-joik\/#breadcrumb"},"inLanguage":"en-US","potentialAction":[{"@type":"ReadAction","target":["https:\/\/svensktvisarkiv.se\/en\/sami-voices\/sami-joik\/"]}]},{"@type":"BreadcrumbList","@id":"https:\/\/svensktvisarkiv.se\/en\/sami-voices\/sami-joik\/#breadcrumb","itemListElement":[{"@type":"ListItem","position":1,"name":"Home","item":"https:\/\/svensktvisarkiv.se\/en\/"},{"@type":"ListItem","position":2,"name":"Sami voices","item":"https:\/\/svensktvisarkiv.se\/en\/sami-voices\/"},{"@type":"ListItem","position":3,"name":"Sami yoik"}]},{"@type":"WebSite","@id":"https:\/\/svensktvisarkiv.se\/#website","url":"https:\/\/svensktvisarkiv.se\/","name":"Svenskt visarkiv","description":"","potentialAction":[{"@type":"SearchAction","target":{"@type":"EntryPoint","urlTemplate":"https:\/\/svensktvisarkiv.se\/?s={search_term_string}"},"query-input":{"@type":"PropertyValueSpecification","valueRequired":true,"valueName":"search_term_string"}}],"inLanguage":"en-US"}]}},"_links":{"self":[{"href":"https:\/\/svensktvisarkiv.se\/en\/wp-json\/wp\/v2\/pages\/6026","targetHints":{"allow":["GET"]}}],"collection":[{"href":"https:\/\/svensktvisarkiv.se\/en\/wp-json\/wp\/v2\/pages"}],"about":[{"href":"https:\/\/svensktvisarkiv.se\/en\/wp-json\/wp\/v2\/types\/page"}],"author":[{"embeddable":true,"href":"https:\/\/svensktvisarkiv.se\/en\/wp-json\/wp\/v2\/users\/2"}],"replies":[{"embeddable":true,"href":"https:\/\/svensktvisarkiv.se\/en\/wp-json\/wp\/v2\/comments?post=6026"}],"version-history":[{"count":4,"href":"https:\/\/svensktvisarkiv.se\/en\/wp-json\/wp\/v2\/pages\/6026\/revisions"}],"predecessor-version":[{"id":9725,"href":"https:\/\/svensktvisarkiv.se\/en\/wp-json\/wp\/v2\/pages\/6026\/revisions\/9725"}],"up":[{"embeddable":true,"href":"https:\/\/svensktvisarkiv.se\/en\/wp-json\/wp\/v2\/pages\/6008"}],"wp:attachment":[{"href":"https:\/\/svensktvisarkiv.se\/en\/wp-json\/wp\/v2\/media?parent=6026"}],"curies":[{"name":"wp","href":"https:\/\/api.w.org\/{rel}","templated":true}]}}