{"id":2606,"date":"2024-02-28T13:19:26","date_gmt":"2024-02-28T12:19:26","guid":{"rendered":"https:\/\/svensktvisarkiv.se\/?page_id=2606"},"modified":"2024-10-25T10:33:12","modified_gmt":"2024-10-25T08:33:12","slug":"tietoa-ruotsin-lauluarkistosta-svenskt-visarkiv","status":"publish","type":"page","link":"https:\/\/svensktvisarkiv.se\/fi\/","title":{"rendered":"Svenskt visarkiv"},"content":{"rendered":"\n\n<div class=\"w-constrained richtext\"><external-link-icon>\n<h2 class=\"wp-block-heading\">Mit\u00e4 Ruotsin lauluarkisto tekee?<\/h2>\n<\/external-link-icon><\/div>\n\n<div class=\"w-constrained richtext\"><external-link-icon>\n<p>Lauluarkisto ker\u00e4\u00e4, s\u00e4ilytt\u00e4\u00e4, tutkii ja julkaisee musiikin ja tanssin ruotsalaista kulttuuriperint\u00f6\u00e4, kuten kansanmusiikkia, lauluja, vanhempaa popul\u00e4\u00e4rimusiikkia, jazzia ja vanhoja tansseja. Arkisto on avoinna kaikille, jotka haluavat tutustua kokoelmiin.<\/p>\n<\/external-link-icon><\/div>\n\n<div class=\"w-constrained richtext\"><external-link-icon>\n<h2 class=\"wp-block-heading\">Kokoelmat sis\u00e4lt\u00e4v\u00e4t muutakin kuin lauluja<\/h2>\n<\/external-link-icon><\/div>\n\n<div class=\"w-constrained richtext\"><external-link-icon>\n<p>Meilt\u00e4 l\u00f6yd\u00e4t muun muassa k\u00e4sinkirjoitettuja laulukirjoja eri puolilta Ruotsia, satavuotta vanhoja tallenteita saamelaisista joiuista, varhaisia iskelm\u00e4nuotteja, alkuper\u00e4issovituksia jazzorkestereille, filmattuja tanssidokumentteja ja kokonaisen reiviarkiston.<\/p>\n<\/external-link-icon><\/div>\n\n<div class=\"w-constrained richtext\"><external-link-icon>\n<p>Kokoelmat sis\u00e4lt\u00e4v\u00e4t \u00e4\u00e4ni- ja videotallenteita, nuotteja, tekstej\u00e4, valokuvia, kirjoja, henkil\u00f6- ja organisaatioarkiston sek\u00e4 suuren k\u00e4sikirjaston.<\/p>\n<\/external-link-icon><\/div>\n\n<div class=\"w-constrained richtext\"><external-link-icon>\n<h2 class=\"wp-block-heading\">Avoin kaikille<\/h2>\n<\/external-link-icon><\/div>\n\n<div class=\"w-constrained richtext\"><external-link-icon>\n<p>Verkkoluettelossamme voit hakea \u00e4\u00e4nityksi\u00e4 ja kappaleita 100&nbsp;000 laulun ja kappaleen joukosta. Digitalisoimme jatkuvasti kokoelmiamme. Voit ottaa yhteytt\u00e4 toimistoomme, jos sinulla on kysytt\u00e4v\u00e4\u00e4 tai tarvitset apua hakeaksesi kokoelmista. Alan asiantuntijamme vastaavat yksityishenkil\u00f6iden ja instituutioiden kysymyksiin. Voit my\u00f6s tulla k\u00e4ym\u00e4\u00e4n arkistossamme Tukholmassa.<\/p>\n<\/external-link-icon><\/div>\n\n<div class=\"w-constrained richtext\"><external-link-icon>\n<h2 class=\"wp-block-heading\">Tutkimus ja ker\u00e4ys<\/h2>\n<\/external-link-icon><\/div>\n\n<div class=\"w-constrained richtext\"><external-link-icon>\n<p>Ruotsin lauluarkisto on tehnyt tutkimusty\u00f6t\u00e4 perustamisestaan vuodesta 1951 l\u00e4htien. Usein l\u00e4ht\u00f6kohtana on omat kokoelmat. Teemme yhteisty\u00f6t\u00e4 yliopistojen, korkeakoulujen ja muiden kulttuuri-instituuttien kanssa sek\u00e4 Ruotsissa ett\u00e4 kansainv\u00e4lisesti.<\/p>\n<\/external-link-icon><\/div>\n\n<div class=\"w-constrained richtext\"><external-link-icon>\n<p>Tutkimukset julkaistaan kirjoina, levyin\u00e4, verkkojulkaisuina ja julkisina luentoina. Lauluarkisto julkaisee lis\u00e4ksi vuosittain tieteellisesti tarkastetun <a href=\"https:\/\/publicera.kb.se\/puls\/index\">Puls-julkaisun, joka on kansantieteellinen musiikki- ja tanssiaikakausilehti<\/a>.<\/p>\n<\/external-link-icon><\/div>\n\n<div class=\"w-constrained richtext\"><external-link-icon>\n<p>Ruotsin lauluarkisto on osa <a href=\"https:\/\/statensmusikverk.se\/fi\/\">Statens musikverk \/ Valtion musiikkivirastoa<\/a>.<\/p>\n<\/external-link-icon><\/div>","protected":false},"excerpt":{"rendered":"<p>Mit\u00e4 Ruotsin lauluarkisto tekee? Lauluarkisto ker\u00e4\u00e4, s\u00e4ilytt\u00e4\u00e4, tutkii ja julkaisee musiikin ja tanssin ruotsalaista kulttuuriperint\u00f6\u00e4, kuten kansanmusiikkia, lauluja, vanhempaa popul\u00e4\u00e4rimusiikkia, jazzia ja vanhoja tansseja. Arkisto on avoinna kaikille, jotka haluavat tutustua kokoelmiin. Kokoelmat sis\u00e4lt\u00e4v\u00e4t muutakin kuin lauluja Meilt\u00e4 l\u00f6yd\u00e4t muun muassa k\u00e4sinkirjoitettuja laulukirjoja eri puolilta Ruotsia, satavuotta vanhoja tallenteita saamelaisista joiuista, varhaisia iskelm\u00e4nuotteja, alkuper\u00e4issovituksia jazzorkestereille, [&hellip;]<\/p>\n","protected":false},"author":2,"featured_media":0,"parent":0,"menu_order":-100,"comment_status":"closed","ping_status":"open","template":"","meta":{"_acf_changed":false,"footnotes":""},"class_list":["post-2606","page","type-page","status-publish","hentry"],"acf":[],"yoast_head":"<!-- This site is optimized with the Yoast SEO plugin v25.8 - https:\/\/yoast.com\/wordpress\/plugins\/seo\/ -->\n<title>Svenskt visarkiv - Svenskt visarkiv<\/title>\n<meta name=\"robots\" content=\"index, follow, max-snippet:-1, max-image-preview:large, max-video-preview:-1\" \/>\n<link rel=\"canonical\" href=\"https:\/\/svensktvisarkiv.se\/\" \/>\n<meta property=\"og:locale\" content=\"fi_FI\" \/>\n<meta property=\"og:type\" content=\"article\" \/>\n<meta property=\"og:title\" content=\"Svenskt visarkiv - Svenskt visarkiv\" \/>\n<meta property=\"og:description\" content=\"Mit\u00e4 Ruotsin lauluarkisto tekee? Lauluarkisto ker\u00e4\u00e4, s\u00e4ilytt\u00e4\u00e4, tutkii ja julkaisee musiikin ja tanssin ruotsalaista kulttuuriperint\u00f6\u00e4, kuten kansanmusiikkia, lauluja, vanhempaa popul\u00e4\u00e4rimusiikkia, jazzia ja vanhoja tansseja. Arkisto on avoinna kaikille, jotka haluavat tutustua kokoelmiin. Kokoelmat sis\u00e4lt\u00e4v\u00e4t muutakin kuin lauluja Meilt\u00e4 l\u00f6yd\u00e4t muun muassa k\u00e4sinkirjoitettuja laulukirjoja eri puolilta Ruotsia, satavuotta vanhoja tallenteita saamelaisista joiuista, varhaisia iskelm\u00e4nuotteja, alkuper\u00e4issovituksia jazzorkestereille, [&hellip;]\" \/>\n<meta property=\"og:url\" content=\"https:\/\/svensktvisarkiv.se\/\" \/>\n<meta property=\"og:site_name\" content=\"Svenskt visarkiv\" \/>\n<meta property=\"article:modified_time\" content=\"2024-10-25T08:33:12+00:00\" \/>\n<meta name=\"twitter:card\" content=\"summary_large_image\" \/>\n<meta name=\"twitter:label1\" content=\"Est. reading time\" \/>\n\t<meta name=\"twitter:data1\" content=\"1 minute\" \/>\n<script type=\"application\/ld+json\" class=\"yoast-schema-graph\">{\"@context\":\"https:\/\/schema.org\",\"@graph\":[{\"@type\":\"WebPage\",\"@id\":\"https:\/\/svensktvisarkiv.se\/\",\"url\":\"https:\/\/svensktvisarkiv.se\/\",\"name\":\"Svenskt visarkiv - Svenskt visarkiv\",\"isPartOf\":{\"@id\":\"https:\/\/svensktvisarkiv.se\/#website\"},\"datePublished\":\"2024-02-28T12:19:26+00:00\",\"dateModified\":\"2024-10-25T08:33:12+00:00\",\"breadcrumb\":{\"@id\":\"https:\/\/svensktvisarkiv.se\/#breadcrumb\"},\"inLanguage\":\"fi\",\"potentialAction\":[{\"@type\":\"ReadAction\",\"target\":[\"https:\/\/svensktvisarkiv.se\/\"]}]},{\"@type\":\"BreadcrumbList\",\"@id\":\"https:\/\/svensktvisarkiv.se\/#breadcrumb\",\"itemListElement\":[{\"@type\":\"ListItem\",\"position\":1,\"name\":\"Home\",\"item\":\"https:\/\/svensktvisarkiv.se\/\"},{\"@type\":\"ListItem\",\"position\":2,\"name\":\"Svenskt visarkiv\"}]},{\"@type\":\"WebSite\",\"@id\":\"https:\/\/svensktvisarkiv.se\/#website\",\"url\":\"https:\/\/svensktvisarkiv.se\/\",\"name\":\"Svenskt visarkiv\",\"description\":\"\",\"potentialAction\":[{\"@type\":\"SearchAction\",\"target\":{\"@type\":\"EntryPoint\",\"urlTemplate\":\"https:\/\/svensktvisarkiv.se\/?s={search_term_string}\"},\"query-input\":{\"@type\":\"PropertyValueSpecification\",\"valueRequired\":true,\"valueName\":\"search_term_string\"}}],\"inLanguage\":\"fi\"}]}<\/script>\n<!-- \/ Yoast SEO plugin. -->","yoast_head_json":{"title":"Svenskt visarkiv - Svenskt visarkiv","robots":{"index":"index","follow":"follow","max-snippet":"max-snippet:-1","max-image-preview":"max-image-preview:large","max-video-preview":"max-video-preview:-1"},"canonical":"https:\/\/svensktvisarkiv.se\/","og_locale":"fi_FI","og_type":"article","og_title":"Svenskt visarkiv - Svenskt visarkiv","og_description":"Mit\u00e4 Ruotsin lauluarkisto tekee? Lauluarkisto ker\u00e4\u00e4, s\u00e4ilytt\u00e4\u00e4, tutkii ja julkaisee musiikin ja tanssin ruotsalaista kulttuuriperint\u00f6\u00e4, kuten kansanmusiikkia, lauluja, vanhempaa popul\u00e4\u00e4rimusiikkia, jazzia ja vanhoja tansseja. Arkisto on avoinna kaikille, jotka haluavat tutustua kokoelmiin. Kokoelmat sis\u00e4lt\u00e4v\u00e4t muutakin kuin lauluja Meilt\u00e4 l\u00f6yd\u00e4t muun muassa k\u00e4sinkirjoitettuja laulukirjoja eri puolilta Ruotsia, satavuotta vanhoja tallenteita saamelaisista joiuista, varhaisia iskelm\u00e4nuotteja, alkuper\u00e4issovituksia jazzorkestereille, [&hellip;]","og_url":"https:\/\/svensktvisarkiv.se\/","og_site_name":"Svenskt visarkiv","article_modified_time":"2024-10-25T08:33:12+00:00","twitter_card":"summary_large_image","twitter_misc":{"Est. reading time":"1 minute"},"schema":{"@context":"https:\/\/schema.org","@graph":[{"@type":"WebPage","@id":"https:\/\/svensktvisarkiv.se\/","url":"https:\/\/svensktvisarkiv.se\/","name":"Svenskt visarkiv - Svenskt visarkiv","isPartOf":{"@id":"https:\/\/svensktvisarkiv.se\/#website"},"datePublished":"2024-02-28T12:19:26+00:00","dateModified":"2024-10-25T08:33:12+00:00","breadcrumb":{"@id":"https:\/\/svensktvisarkiv.se\/#breadcrumb"},"inLanguage":"fi","potentialAction":[{"@type":"ReadAction","target":["https:\/\/svensktvisarkiv.se\/"]}]},{"@type":"BreadcrumbList","@id":"https:\/\/svensktvisarkiv.se\/#breadcrumb","itemListElement":[{"@type":"ListItem","position":1,"name":"Home","item":"https:\/\/svensktvisarkiv.se\/"},{"@type":"ListItem","position":2,"name":"Svenskt visarkiv"}]},{"@type":"WebSite","@id":"https:\/\/svensktvisarkiv.se\/#website","url":"https:\/\/svensktvisarkiv.se\/","name":"Svenskt visarkiv","description":"","potentialAction":[{"@type":"SearchAction","target":{"@type":"EntryPoint","urlTemplate":"https:\/\/svensktvisarkiv.se\/?s={search_term_string}"},"query-input":{"@type":"PropertyValueSpecification","valueRequired":true,"valueName":"search_term_string"}}],"inLanguage":"fi"}]}},"_links":{"self":[{"href":"https:\/\/svensktvisarkiv.se\/fi\/wp-json\/wp\/v2\/pages\/2606","targetHints":{"allow":["GET"]}}],"collection":[{"href":"https:\/\/svensktvisarkiv.se\/fi\/wp-json\/wp\/v2\/pages"}],"about":[{"href":"https:\/\/svensktvisarkiv.se\/fi\/wp-json\/wp\/v2\/types\/page"}],"author":[{"embeddable":true,"href":"https:\/\/svensktvisarkiv.se\/fi\/wp-json\/wp\/v2\/users\/2"}],"replies":[{"embeddable":true,"href":"https:\/\/svensktvisarkiv.se\/fi\/wp-json\/wp\/v2\/comments?post=2606"}],"version-history":[{"count":4,"href":"https:\/\/svensktvisarkiv.se\/fi\/wp-json\/wp\/v2\/pages\/2606\/revisions"}],"predecessor-version":[{"id":2626,"href":"https:\/\/svensktvisarkiv.se\/fi\/wp-json\/wp\/v2\/pages\/2606\/revisions\/2626"}],"wp:attachment":[{"href":"https:\/\/svensktvisarkiv.se\/fi\/wp-json\/wp\/v2\/media?parent=2606"}],"curies":[{"name":"wp","href":"https:\/\/api.w.org\/{rel}","templated":true}]}}