{"id":2618,"date":"2024-02-28T13:19:26","date_gmt":"2024-02-28T12:19:26","guid":{"rendered":"https:\/\/svensktvisarkiv.se\/?page_id=2618"},"modified":"2024-10-25T10:27:01","modified_gmt":"2024-10-25T08:27:01","slug":"svenskt-visarkiv","status":"publish","type":"page","link":"https:\/\/svensktvisarkiv.se\/rom\/","title":{"rendered":"Svenskt visarkiv"},"content":{"rendered":"\n\n<div class=\"w-constrained richtext\"><external-link-icon>\n<h2 class=\"wp-block-heading\">So \u010derela i Svenskt visarkiv?<\/h2>\n<\/external-link-icon><\/div>\n\n<div class=\"w-constrained richtext\"><external-link-icon>\n<p>O Svenskt visarkiv \u010dedela, arakhi, rodela hem va\u010deri kotar muzika hem dans ki \u0160vedska. Amen pobuter interesini i folk muzika, \u0111ilja, purani popularno muzika, jazz hem folk dans. I arhiva tani phravdi sarinen\u0111e hem sarine \u0161aj te dikhen delo kotar amari kolekcia.<\/p>\n<\/external-link-icon><\/div>\n\n<div class=\"w-constrained richtext\"><external-link-icon>\n<h2 class=\"wp-block-heading\">Nane samo \u0111ilja ki amari kolekcia<\/h2>\n<\/external-link-icon><\/div>\n\n<div class=\"w-constrained richtext\"><external-link-icon>\n<p>Akate koro amende \u0161aj te arakhe \u0111ilja so hine pisime vasteja hem avena kotar o razna thana ki \u0160vedska, but purane Samisko jojk, purane \u0161lager note, originalna aran\u017emanija ba\u0161 o jazz orkestar, snimimi dans dokumentacia hem jekh celo rejv arhiva.<\/p>\n<\/external-link-icon><\/div>\n\n<div class=\"w-constrained richtext\"><external-link-icon>\n<p>Ki kolekcia isi zvuko- hem film snimkija, note, tekstija, fotografije, knjige, privatna- hem arhiva kotar organizacije, ama hem but bari referens biblioteka.<\/p>\n<\/external-link-icon><\/div>\n\n<div class=\"w-constrained richtext\"><external-link-icon>\n<h2 class=\"wp-block-heading\">Phravdo sarinen\u0111e<\/h2>\n<\/external-link-icon><\/div>\n\n<div class=\"w-constrained richtext\"><external-link-icon>\n<p>Ko amaro internet katalog \u0161aj te rode snimkija ko prekalo 100\u00a0000 \u0111ilja. Amen \u010deraja amare kolekcije te oven digitalna. Kontaktirin amari ekspedicia ako isi tut disavo pu\u010dibe ja mangeja te rode pobuter ko amare kolekcije. Amare ekspertija odgovorinena ko pu\u010dibe kotar o manu\u0161a hem institucije ki celo phuv. Tu ako mangeja \u0161aj te ave hem koro amende ki Stockholm.<\/p>\n<\/external-link-icon><\/div>\n\n<div class=\"w-constrained richtext\"><external-link-icon>\n<h2 class=\"wp-block-heading\">Nauka hem kolekcia<\/h2>\n<\/external-link-icon><\/div>\n\n<div class=\"w-constrained richtext\"><external-link-icon>\n<p>Svenskt visarkiv hine ola iniciativa ki nauka te rodel pana kotar o starti e ber\u0161este 1951, kaj prvo po\u010dije ko amare kolekcije. Amen isi amen saradnja ko univerzitetija, fakultetija hem avera kulturna institucije ki \u0160vedska hem avera phuvja.<\/p>\n<\/external-link-icon><\/div>\n\n<div class=\"w-constrained richtext\"><external-link-icon>\n<p>O nau\u010dna delija publicirinena pe ko knjige, plo\u010de, internet prezentacije hem fizi\u010dka prezentacije. O Svenskt visarkiv publicirini jekh puti ko ber\u0161 o nau\u010dno magazini\u00a0<a href=\"https:\/\/publicera.kb.se\/puls\/index\">Puls\u00a0\u2013 musik- och dansetnologisk tidskrift<\/a>.<\/p>\n<\/external-link-icon><\/div>\n\n<div class=\"w-constrained richtext\"><external-link-icon>\n<p>Svenskt visarkiv tano jekh delo kotar institucia <a href=\"https:\/\/statensmusikverk.se\/rom\/\">Statens musikverk<\/a>.<\/p>\n<\/external-link-icon><\/div>","protected":false},"excerpt":{"rendered":"<p>So \u010derela i Svenskt visarkiv? O Svenskt visarkiv \u010dedela, arakhi, rodela hem va\u010deri kotar muzika hem dans ki \u0160vedska. Amen pobuter interesini i folk muzika, \u0111ilja, purani popularno muzika, jazz hem folk dans. I arhiva tani phravdi sarinen\u0111e hem sarine \u0161aj te dikhen delo kotar amari kolekcia. Nane samo \u0111ilja ki amari kolekcia Akate koro [&hellip;]<\/p>\n","protected":false},"author":2,"featured_media":0,"parent":0,"menu_order":-100,"comment_status":"closed","ping_status":"open","template":"","meta":{"_acf_changed":false,"footnotes":""},"class_list":["post-2618","page","type-page","status-publish","hentry"],"acf":[],"yoast_head":"<!-- This site is optimized with the Yoast SEO plugin v25.8 - https:\/\/yoast.com\/wordpress\/plugins\/seo\/ -->\n<title>Svenskt visarkiv - Svenskt visarkiv<\/title>\n<meta name=\"robots\" content=\"index, follow, max-snippet:-1, max-image-preview:large, max-video-preview:-1\" \/>\n<link rel=\"canonical\" href=\"https:\/\/svensktvisarkiv.se\/\" \/>\n<meta property=\"og:locale\" content=\"ro_RO\" \/>\n<meta property=\"og:type\" content=\"article\" \/>\n<meta property=\"og:title\" content=\"Svenskt visarkiv - Svenskt visarkiv\" \/>\n<meta property=\"og:description\" content=\"So \u010derela i Svenskt visarkiv? O Svenskt visarkiv \u010dedela, arakhi, rodela hem va\u010deri kotar muzika hem dans ki \u0160vedska. Amen pobuter interesini i folk muzika, \u0111ilja, purani popularno muzika, jazz hem folk dans. I arhiva tani phravdi sarinen\u0111e hem sarine \u0161aj te dikhen delo kotar amari kolekcia. Nane samo \u0111ilja ki amari kolekcia Akate koro [&hellip;]\" \/>\n<meta property=\"og:url\" content=\"https:\/\/svensktvisarkiv.se\/\" \/>\n<meta property=\"og:site_name\" content=\"Svenskt visarkiv\" \/>\n<meta property=\"article:modified_time\" content=\"2024-10-25T08:27:01+00:00\" \/>\n<meta name=\"twitter:card\" content=\"summary_large_image\" \/>\n<meta name=\"twitter:label1\" content=\"Est. reading time\" \/>\n\t<meta name=\"twitter:data1\" content=\"2 minutes\" \/>\n<script type=\"application\/ld+json\" class=\"yoast-schema-graph\">{\"@context\":\"https:\/\/schema.org\",\"@graph\":[{\"@type\":\"WebPage\",\"@id\":\"https:\/\/svensktvisarkiv.se\/\",\"url\":\"https:\/\/svensktvisarkiv.se\/\",\"name\":\"Svenskt visarkiv - Svenskt visarkiv\",\"isPartOf\":{\"@id\":\"https:\/\/svensktvisarkiv.se\/#website\"},\"datePublished\":\"2024-02-28T12:19:26+00:00\",\"dateModified\":\"2024-10-25T08:27:01+00:00\",\"breadcrumb\":{\"@id\":\"https:\/\/svensktvisarkiv.se\/#breadcrumb\"},\"inLanguage\":\"rom\",\"potentialAction\":[{\"@type\":\"ReadAction\",\"target\":[\"https:\/\/svensktvisarkiv.se\/\"]}]},{\"@type\":\"BreadcrumbList\",\"@id\":\"https:\/\/svensktvisarkiv.se\/#breadcrumb\",\"itemListElement\":[{\"@type\":\"ListItem\",\"position\":1,\"name\":\"Home\",\"item\":\"https:\/\/svensktvisarkiv.se\/\"},{\"@type\":\"ListItem\",\"position\":2,\"name\":\"Svenskt visarkiv\"}]},{\"@type\":\"WebSite\",\"@id\":\"https:\/\/svensktvisarkiv.se\/#website\",\"url\":\"https:\/\/svensktvisarkiv.se\/\",\"name\":\"Svenskt visarkiv\",\"description\":\"\",\"potentialAction\":[{\"@type\":\"SearchAction\",\"target\":{\"@type\":\"EntryPoint\",\"urlTemplate\":\"https:\/\/svensktvisarkiv.se\/?s={search_term_string}\"},\"query-input\":{\"@type\":\"PropertyValueSpecification\",\"valueRequired\":true,\"valueName\":\"search_term_string\"}}],\"inLanguage\":\"rom\"}]}<\/script>\n<!-- \/ Yoast SEO plugin. -->","yoast_head_json":{"title":"Svenskt visarkiv - Svenskt visarkiv","robots":{"index":"index","follow":"follow","max-snippet":"max-snippet:-1","max-image-preview":"max-image-preview:large","max-video-preview":"max-video-preview:-1"},"canonical":"https:\/\/svensktvisarkiv.se\/","og_locale":"ro_RO","og_type":"article","og_title":"Svenskt visarkiv - Svenskt visarkiv","og_description":"So \u010derela i Svenskt visarkiv? O Svenskt visarkiv \u010dedela, arakhi, rodela hem va\u010deri kotar muzika hem dans ki \u0160vedska. Amen pobuter interesini i folk muzika, \u0111ilja, purani popularno muzika, jazz hem folk dans. I arhiva tani phravdi sarinen\u0111e hem sarine \u0161aj te dikhen delo kotar amari kolekcia. Nane samo \u0111ilja ki amari kolekcia Akate koro [&hellip;]","og_url":"https:\/\/svensktvisarkiv.se\/","og_site_name":"Svenskt visarkiv","article_modified_time":"2024-10-25T08:27:01+00:00","twitter_card":"summary_large_image","twitter_misc":{"Est. reading time":"2 minutes"},"schema":{"@context":"https:\/\/schema.org","@graph":[{"@type":"WebPage","@id":"https:\/\/svensktvisarkiv.se\/","url":"https:\/\/svensktvisarkiv.se\/","name":"Svenskt visarkiv - Svenskt visarkiv","isPartOf":{"@id":"https:\/\/svensktvisarkiv.se\/#website"},"datePublished":"2024-02-28T12:19:26+00:00","dateModified":"2024-10-25T08:27:01+00:00","breadcrumb":{"@id":"https:\/\/svensktvisarkiv.se\/#breadcrumb"},"inLanguage":"rom","potentialAction":[{"@type":"ReadAction","target":["https:\/\/svensktvisarkiv.se\/"]}]},{"@type":"BreadcrumbList","@id":"https:\/\/svensktvisarkiv.se\/#breadcrumb","itemListElement":[{"@type":"ListItem","position":1,"name":"Home","item":"https:\/\/svensktvisarkiv.se\/"},{"@type":"ListItem","position":2,"name":"Svenskt visarkiv"}]},{"@type":"WebSite","@id":"https:\/\/svensktvisarkiv.se\/#website","url":"https:\/\/svensktvisarkiv.se\/","name":"Svenskt visarkiv","description":"","potentialAction":[{"@type":"SearchAction","target":{"@type":"EntryPoint","urlTemplate":"https:\/\/svensktvisarkiv.se\/?s={search_term_string}"},"query-input":{"@type":"PropertyValueSpecification","valueRequired":true,"valueName":"search_term_string"}}],"inLanguage":"rom"}]}},"_links":{"self":[{"href":"https:\/\/svensktvisarkiv.se\/rom\/wp-json\/wp\/v2\/pages\/2618","targetHints":{"allow":["GET"]}}],"collection":[{"href":"https:\/\/svensktvisarkiv.se\/rom\/wp-json\/wp\/v2\/pages"}],"about":[{"href":"https:\/\/svensktvisarkiv.se\/rom\/wp-json\/wp\/v2\/types\/page"}],"author":[{"embeddable":true,"href":"https:\/\/svensktvisarkiv.se\/rom\/wp-json\/wp\/v2\/users\/2"}],"replies":[{"embeddable":true,"href":"https:\/\/svensktvisarkiv.se\/rom\/wp-json\/wp\/v2\/comments?post=2618"}],"version-history":[{"count":1,"href":"https:\/\/svensktvisarkiv.se\/rom\/wp-json\/wp\/v2\/pages\/2618\/revisions"}],"predecessor-version":[{"id":2619,"href":"https:\/\/svensktvisarkiv.se\/rom\/wp-json\/wp\/v2\/pages\/2618\/revisions\/2619"}],"wp:attachment":[{"href":"https:\/\/svensktvisarkiv.se\/rom\/wp-json\/wp\/v2\/media?parent=2618"}],"curies":[{"name":"wp","href":"https:\/\/api.w.org\/{rel}","templated":true}]}}