{"id":2620,"date":"2024-02-28T13:19:26","date_gmt":"2024-02-28T12:19:26","guid":{"rendered":"https:\/\/svensktvisarkiv.se\/?page_id=2620"},"modified":"2024-10-25T10:33:53","modified_gmt":"2024-10-25T08:33:53","slug":"svenskt-visarkiv","status":"publish","type":"page","link":"https:\/\/svensktvisarkiv.se\/sm\/","title":{"rendered":"Svenskt visarkiv"},"content":{"rendered":"\n\n<div class=\"w-constrained richtext\"><external-link-icon>\n<h2 class=\"wp-block-heading\">Maid Ruo\u0167a l\u00e1vllaarkiiva barg\u00e1?<\/h2>\n<\/external-link-icon><\/div>\n\n<div class=\"w-constrained richtext\"><external-link-icon>\n<p>L\u00e1vllaarkiiva \u010dohkke, seailluha, dutk\u00e1 ja muitala musihka ja d\u00e1nssa kultur\u00e1rbbi birra Ruo\u0167as. Ovddidat bargguideamet \u00e1lbmotmusihka, l\u00e1vlagiid, boarr\u00e1sit popul\u00e1ramusihka, jazza ja \u00e1lbmotla\u0161 d\u00e1nssa surggiiguin. Arkiiva lea rabas juohkeha\u017e\u017eii gii h\u00e1liida v\u00e1ldit oasi das.<\/p>\n<\/external-link-icon><\/div>\n\n<div class=\"w-constrained richtext\"><external-link-icon>\n<h2 class=\"wp-block-heading\">Eanet go l\u00e1vlagat \u010doakk\u00e1ldagain<\/h2>\n<\/external-link-icon><\/div>\n\n<div class=\"w-constrained richtext\"><external-link-icon>\n<p>D\u00e1ppe g\u00e1vnnat earret ear\u00e1 giehta\u010d\u00e1llojuvvon l\u00e1vllagirjjiid mat bohtet ie\u0161gu\u0111etge guovlluin Ruo\u0167as, \u010duo\u0111ijahk\u00e1sa\u0161 b\u00e1ddemiid s\u00e1mi lu\u0111iin, \u00e1rra schlagernuohtaid, jassa\u010duojahanjoavkkuid origin\u00e1lal\u00e1gidemiid, filbmejuvvon d\u00e1nsadokumenta\u0161uvnnaid ja olles rejvarkiiva.<\/p>\n<\/external-link-icon><\/div>\n\n<div class=\"w-constrained richtext\"><external-link-icon>\n<h2 class=\"wp-block-heading\">Rabas juohkeha\u017e\u017eii<\/h2>\n<\/external-link-icon><\/div>\n\n<div class=\"w-constrained richtext\"><external-link-icon>\n<p>Min webbkatalogas s\u00e1ht\u00e1t ohcat jietnab\u00e1ddiid ja 100&nbsp;000 n\u00e1ri l\u00e1vlagiid ja \u0161uo\u014baid. Da\u0111i mielde juohkit digit\u00e1lala\u010d\u010dat \u010doakk\u00e1ldahkamet. V\u00e1ldde \u00e1innas oktavuo\u0111a ekspedi\u0161uvnnain jus dus leat jearaldagat dahje h\u00e1liidat ohcat viid\u00e1but \u010doakk\u00e1ldagain. Min \u00e1vnnas\u00e1\u0161\u0161edovdit v\u00e1stidit olbmuid ja mieht\u00e1 Ruo\u0167a \u00e1sahusaid jearaldagaide. S\u00e1ht\u00e1t maid boahtit min guoss\u00e1i Stockholbmii.<\/p>\n<\/external-link-icon><\/div>\n\n<div class=\"w-constrained richtext\"><external-link-icon>\n<h2 class=\"wp-block-heading\">Dutkan ja \u010dohkken<\/h2>\n<\/external-link-icon><\/div>\n\n<div class=\"w-constrained richtext\"><external-link-icon>\n<p>Ruo\u0167a l\u00e1vllaarkiiva lea dutkat 1951 r\u00e1jes, ja vuolggasadji lea d\u00e1vj\u00e1 \u010doakk\u00e1ldahkamet. Mii ovttasbargat universitehtaiguin, allaskuvllaiguin ja ear\u00e1 kultur\u00e1sahusaiguin, sihke siskkobealde Ruo\u0167a ja riikkaidgaskasa\u010d\u010dat.<\/p>\n<\/external-link-icon><\/div>\n\n<div class=\"w-constrained richtext\"><external-link-icon>\n<p>Dutkanbargu almmuhuvvo girje- ja skearroh\u00e1mis, webbovdabuktimiiguin ja geah\u010d\u010di ovdabuktimiiguin. L\u00e1vllaarkiiva almmuha maid jahk\u00e1sa\u010d\u010dat die\u0111ala\u0161 guorahallojuvvon \u00e1ige\u010d\u00e1llaga <a href=\"https:\/\/publicera.kb.se\/puls\/index\">Puls \u2013 musihkka- ja d\u00e1nsaetnolog\u00e1la\u0161 \u00e1ige\u010d\u00e1la (Puls \u2013 musik- coh dansetnologisk tidskrift)<\/a>.<\/p>\n<\/external-link-icon><\/div>\n\n<div class=\"w-constrained richtext\"><external-link-icon>\n<p>Ruo\u0167a l\u00e1vllaarkiiva lea oassin St\u00e1hta <a href=\"https:\/\/statensmusikverk.se\/sm\/\">Statens musikverk \/ musihkkadoaimmahaga \u00e1sahusas<\/a>.<\/p>\n<\/external-link-icon><\/div>","protected":false},"excerpt":{"rendered":"<p>Maid Ruo\u0167a l\u00e1vllaarkiiva barg\u00e1? L\u00e1vllaarkiiva \u010dohkke, seailluha, dutk\u00e1 ja muitala musihka ja d\u00e1nssa kultur\u00e1rbbi birra Ruo\u0167as. Ovddidat bargguideamet \u00e1lbmotmusihka, l\u00e1vlagiid, boarr\u00e1sit popul\u00e1ramusihka, jazza ja \u00e1lbmotla\u0161 d\u00e1nssa surggiiguin. Arkiiva lea rabas juohkeha\u017e\u017eii gii h\u00e1liida v\u00e1ldit oasi das. Eanet go l\u00e1vlagat \u010doakk\u00e1ldagain D\u00e1ppe g\u00e1vnnat earret ear\u00e1 giehta\u010d\u00e1llojuvvon l\u00e1vllagirjjiid mat bohtet ie\u0161gu\u0111etge guovlluin Ruo\u0167as, \u010duo\u0111ijahk\u00e1sa\u0161 b\u00e1ddemiid s\u00e1mi lu\u0111iin, [&hellip;]<\/p>\n","protected":false},"author":2,"featured_media":0,"parent":0,"menu_order":-100,"comment_status":"closed","ping_status":"open","template":"","meta":{"_acf_changed":false,"footnotes":""},"class_list":["post-2620","page","type-page","status-publish","hentry"],"acf":[],"yoast_head":"<!-- This site is optimized with the Yoast SEO plugin v25.8 - https:\/\/yoast.com\/wordpress\/plugins\/seo\/ -->\n<title>Svenskt visarkiv - Svenskt visarkiv<\/title>\n<meta name=\"robots\" content=\"index, follow, max-snippet:-1, max-image-preview:large, max-video-preview:-1\" \/>\n<link rel=\"canonical\" href=\"https:\/\/svensktvisarkiv.se\/\" \/>\n<meta property=\"og:locale\" content=\"en_US\" \/>\n<meta property=\"og:type\" content=\"article\" \/>\n<meta property=\"og:title\" content=\"Svenskt visarkiv - Svenskt visarkiv\" \/>\n<meta property=\"og:description\" content=\"Maid Ruo\u0167a l\u00e1vllaarkiiva barg\u00e1? L\u00e1vllaarkiiva \u010dohkke, seailluha, dutk\u00e1 ja muitala musihka ja d\u00e1nssa kultur\u00e1rbbi birra Ruo\u0167as. Ovddidat bargguideamet \u00e1lbmotmusihka, l\u00e1vlagiid, boarr\u00e1sit popul\u00e1ramusihka, jazza ja \u00e1lbmotla\u0161 d\u00e1nssa surggiiguin. Arkiiva lea rabas juohkeha\u017e\u017eii gii h\u00e1liida v\u00e1ldit oasi das. Eanet go l\u00e1vlagat \u010doakk\u00e1ldagain D\u00e1ppe g\u00e1vnnat earret ear\u00e1 giehta\u010d\u00e1llojuvvon l\u00e1vllagirjjiid mat bohtet ie\u0161gu\u0111etge guovlluin Ruo\u0167as, \u010duo\u0111ijahk\u00e1sa\u0161 b\u00e1ddemiid s\u00e1mi lu\u0111iin, [&hellip;]\" \/>\n<meta property=\"og:url\" content=\"https:\/\/svensktvisarkiv.se\/\" \/>\n<meta property=\"og:site_name\" content=\"Svenskt visarkiv\" \/>\n<meta property=\"article:modified_time\" content=\"2024-10-25T08:33:53+00:00\" \/>\n<meta name=\"twitter:card\" content=\"summary_large_image\" \/>\n<meta name=\"twitter:label1\" content=\"Est. reading time\" \/>\n\t<meta name=\"twitter:data1\" content=\"1 minute\" \/>\n<script type=\"application\/ld+json\" class=\"yoast-schema-graph\">{\"@context\":\"https:\/\/schema.org\",\"@graph\":[{\"@type\":\"WebPage\",\"@id\":\"https:\/\/svensktvisarkiv.se\/\",\"url\":\"https:\/\/svensktvisarkiv.se\/\",\"name\":\"Svenskt visarkiv - Svenskt visarkiv\",\"isPartOf\":{\"@id\":\"https:\/\/svensktvisarkiv.se\/#website\"},\"datePublished\":\"2024-02-28T12:19:26+00:00\",\"dateModified\":\"2024-10-25T08:33:53+00:00\",\"breadcrumb\":{\"@id\":\"https:\/\/svensktvisarkiv.se\/#breadcrumb\"},\"inLanguage\":\"sm\",\"potentialAction\":[{\"@type\":\"ReadAction\",\"target\":[\"https:\/\/svensktvisarkiv.se\/\"]}]},{\"@type\":\"BreadcrumbList\",\"@id\":\"https:\/\/svensktvisarkiv.se\/#breadcrumb\",\"itemListElement\":[{\"@type\":\"ListItem\",\"position\":1,\"name\":\"Home\",\"item\":\"https:\/\/svensktvisarkiv.se\/\"},{\"@type\":\"ListItem\",\"position\":2,\"name\":\"Svenskt visarkiv\"}]},{\"@type\":\"WebSite\",\"@id\":\"https:\/\/svensktvisarkiv.se\/#website\",\"url\":\"https:\/\/svensktvisarkiv.se\/\",\"name\":\"Svenskt visarkiv\",\"description\":\"\",\"potentialAction\":[{\"@type\":\"SearchAction\",\"target\":{\"@type\":\"EntryPoint\",\"urlTemplate\":\"https:\/\/svensktvisarkiv.se\/?s={search_term_string}\"},\"query-input\":{\"@type\":\"PropertyValueSpecification\",\"valueRequired\":true,\"valueName\":\"search_term_string\"}}],\"inLanguage\":\"sm\"}]}<\/script>\n<!-- \/ Yoast SEO plugin. -->","yoast_head_json":{"title":"Svenskt visarkiv - Svenskt visarkiv","robots":{"index":"index","follow":"follow","max-snippet":"max-snippet:-1","max-image-preview":"max-image-preview:large","max-video-preview":"max-video-preview:-1"},"canonical":"https:\/\/svensktvisarkiv.se\/","og_locale":"en_US","og_type":"article","og_title":"Svenskt visarkiv - Svenskt visarkiv","og_description":"Maid Ruo\u0167a l\u00e1vllaarkiiva barg\u00e1? L\u00e1vllaarkiiva \u010dohkke, seailluha, dutk\u00e1 ja muitala musihka ja d\u00e1nssa kultur\u00e1rbbi birra Ruo\u0167as. Ovddidat bargguideamet \u00e1lbmotmusihka, l\u00e1vlagiid, boarr\u00e1sit popul\u00e1ramusihka, jazza ja \u00e1lbmotla\u0161 d\u00e1nssa surggiiguin. Arkiiva lea rabas juohkeha\u017e\u017eii gii h\u00e1liida v\u00e1ldit oasi das. Eanet go l\u00e1vlagat \u010doakk\u00e1ldagain D\u00e1ppe g\u00e1vnnat earret ear\u00e1 giehta\u010d\u00e1llojuvvon l\u00e1vllagirjjiid mat bohtet ie\u0161gu\u0111etge guovlluin Ruo\u0167as, \u010duo\u0111ijahk\u00e1sa\u0161 b\u00e1ddemiid s\u00e1mi lu\u0111iin, [&hellip;]","og_url":"https:\/\/svensktvisarkiv.se\/","og_site_name":"Svenskt visarkiv","article_modified_time":"2024-10-25T08:33:53+00:00","twitter_card":"summary_large_image","twitter_misc":{"Est. reading time":"1 minute"},"schema":{"@context":"https:\/\/schema.org","@graph":[{"@type":"WebPage","@id":"https:\/\/svensktvisarkiv.se\/","url":"https:\/\/svensktvisarkiv.se\/","name":"Svenskt visarkiv - Svenskt visarkiv","isPartOf":{"@id":"https:\/\/svensktvisarkiv.se\/#website"},"datePublished":"2024-02-28T12:19:26+00:00","dateModified":"2024-10-25T08:33:53+00:00","breadcrumb":{"@id":"https:\/\/svensktvisarkiv.se\/#breadcrumb"},"inLanguage":"sm","potentialAction":[{"@type":"ReadAction","target":["https:\/\/svensktvisarkiv.se\/"]}]},{"@type":"BreadcrumbList","@id":"https:\/\/svensktvisarkiv.se\/#breadcrumb","itemListElement":[{"@type":"ListItem","position":1,"name":"Home","item":"https:\/\/svensktvisarkiv.se\/"},{"@type":"ListItem","position":2,"name":"Svenskt visarkiv"}]},{"@type":"WebSite","@id":"https:\/\/svensktvisarkiv.se\/#website","url":"https:\/\/svensktvisarkiv.se\/","name":"Svenskt visarkiv","description":"","potentialAction":[{"@type":"SearchAction","target":{"@type":"EntryPoint","urlTemplate":"https:\/\/svensktvisarkiv.se\/?s={search_term_string}"},"query-input":{"@type":"PropertyValueSpecification","valueRequired":true,"valueName":"search_term_string"}}],"inLanguage":"sm"}]}},"_links":{"self":[{"href":"https:\/\/svensktvisarkiv.se\/sm\/wp-json\/wp\/v2\/pages\/2620","targetHints":{"allow":["GET"]}}],"collection":[{"href":"https:\/\/svensktvisarkiv.se\/sm\/wp-json\/wp\/v2\/pages"}],"about":[{"href":"https:\/\/svensktvisarkiv.se\/sm\/wp-json\/wp\/v2\/types\/page"}],"author":[{"embeddable":true,"href":"https:\/\/svensktvisarkiv.se\/sm\/wp-json\/wp\/v2\/users\/2"}],"replies":[{"embeddable":true,"href":"https:\/\/svensktvisarkiv.se\/sm\/wp-json\/wp\/v2\/comments?post=2620"}],"version-history":[{"count":3,"href":"https:\/\/svensktvisarkiv.se\/sm\/wp-json\/wp\/v2\/pages\/2620\/revisions"}],"predecessor-version":[{"id":2627,"href":"https:\/\/svensktvisarkiv.se\/sm\/wp-json\/wp\/v2\/pages\/2620\/revisions\/2627"}],"wp:attachment":[{"href":"https:\/\/svensktvisarkiv.se\/sm\/wp-json\/wp\/v2\/media?parent=2620"}],"curies":[{"name":"wp","href":"https:\/\/api.w.org\/{rel}","templated":true}]}}