{"id":6028,"date":"2025-02-03T15:11:58","date_gmt":"2025-02-03T14:11:58","guid":{"rendered":"https:\/\/svensktvisarkiv.se\/?page_id=6028"},"modified":"2025-02-27T10:51:08","modified_gmt":"2025-02-27T09:51:08","slug":"juoigan","status":"publish","type":"page","link":"https:\/\/svensktvisarkiv.se\/sm\/same-jiena\/juoigan\/","title":{"rendered":"Juoigan"},"content":{"rendered":"\n\n<div class=\"w-constrained richtext\"><external-link-icon>\n<h2 class=\"wp-block-heading\">Juoig\u00e1 olbmuid dehe ealibiid<\/h2>\n<\/external-link-icon><\/div>\n\n<div class=\"w-constrained richtext\"><external-link-icon>\n<p>\u00c1rbevirola\u0161 lu\u0111iin lea mii goh\u010d\u010doduvvo&nbsp;<em>refereansaobjeakta,&nbsp;<\/em>s\u00e1htt\u00e1 ovdamearkka dihte leat olmmo\u0161, ealit dehe b\u00e1iki. Go juoig\u00e1 ii juoigga olbmo dehe ealiba&nbsp;<em>birra&nbsp;<\/em>muhto juoig\u00e1 olbmo dehe ealiba, nammalassi add\u00e1 d\u00e1idda musihkala\u0161 ie\u0161vuo\u0111a h\u00e1bmehuvvon das got juoigi ipmirda ja liiko sin ie\u0161vuo\u0111aid.<\/p>\n<\/external-link-icon><\/div>\n\n<div class=\"w-constrained richtext\"><external-link-icon>\n<p>D\u00e1t luo\u0111it geavahuvvojedje joavkkuin nu ahte luo\u0111it \u0161adde ovtta l\u00e1gan musihkala\u0161 namma refereansaobjektii, man ollu s\u00e1mit dovde ja s\u00e1htte juoigat sierra dil\u00e1la\u0161vuo\u0111ain. Muhtimiin d\u00e1hp\u00e1huvai nu Lars Tir\u00e9na b\u00e1ddenoktavuo\u0111ain. Go o\u0111\u0111a olmmo\u0161 bo\u0111ii latnjii de soamis lanjas s\u00e1htii \u00e1lgit juoigat dan olbmo persovdnaluo\u0111i dego vuohki dearvvahit sin ja duo\u0111a\u0161tit sin gaskavuo\u0111a daidda.<\/p>\n<\/external-link-icon><\/div>\n\n<div class=\"w-constrained richtext\"><external-link-icon>\n<h2 class=\"wp-block-heading\">L\u00e1vlu deddojuvvon jienain<\/h2>\n<\/external-link-icon><\/div>\n\n<div class=\"w-constrained richtext\"><external-link-icon>\n<p>Luo\u0111i s\u00e1htt\u00e1 d\u00e1vj\u00e1 dovdat go jietnagie\u0111ahallan ja \u0161uok\u014baivdni \u2013 d\u00e1vj\u00e1 deddojuvvon jietnasajis rikkis geavaheamis \u010di\u014bahemiid ja joht\u00e1 \u0161uo\u014baid gaskkas. Go luohtemelodiijat \u010dilgehuvvojit nuohtta\u010d\u00e1llagis de lea d\u00e1b\u00e1la\u0161 assymetrala\u0161 t\u00e1vttasoarttaiguin (ovdamearkka dihte 5\/8- 7\/8-, 11\/8-ja oasset\u00e1kta) ja \u0161uo\u014bat mannet d\u00e1vj\u00e1 birra nu ovdanbuktin joatk\u00e1 nu guhk\u00e1 go juoigi h\u00e1liida ja dilli suovv\u00e1.<\/p>\n<\/external-link-icon><\/div>\n\n<div class=\"w-constrained richtext\"><external-link-icon>\n<p>Ruo\u0167a vearba\u00a0<em>jojka\u00a0<\/em>boaht\u00e1 s\u00e1mi s\u00e1nis\u00a0<em>juiogat<\/em>. Dan maid juoig\u00e1 namuhuvvo ruo\u0167agillii eanet ja eanet dego\u00a0<em>jojk<\/em>. S\u00e1mi terminologiija lea ie\u017e\u00e1l\u00e1g\u00e1n. Davvis\u00e1migillii juoig\u00e1\u00a0<em>luo\u0111i<\/em>\u00a0(m\u00e1\u014bggaidlohku\u00a0<em>luo\u0111it<\/em>), julevs\u00e1megilli\u00a0<em>vuolle<\/em>\u00a0(m\u00e1\u014bggaidlohku\u00a0<em>vuole<\/em>) ja oarj\u00e1ns\u00e1megillii\u00a0<em>vuelie<\/em>\u00a0(m\u00e1\u014bggaidlohku\u00a0<em>vuelieh<\/em>). L\u00e1vlun- ja s\u00e1lbmal\u00e1vlumii geavahuvvo doaba\u00a0<em>l\u00e1vla\/l\u00e1vlu<\/em>, ja\u00a0<em>l\u00e1vlut<\/em>.<\/p>\n<\/external-link-icon><\/div>\n\n<div class=\"w-constrained richtext\"><external-link-icon>\n<h2 class=\"wp-block-heading\">Eanet lohkun<\/h2>\n<\/external-link-icon><\/div>\n\n<div class=\"w-constrained richtext\"><external-link-icon>\n<ul class=\"wp-block-list\">\n<li>Jojkarkivprojektet<\/li>\n\n\n\n<li>Lundberg, Dan &amp; Ternhag, Gunnar (2005).\u00a0<em>Folkmusik i Sverige<\/em>. 2., o\u0111asmahtton prentehus. Hedemora: Gidlund, kapihtal luo\u0111i birra.<\/li>\n\n\n\n<li>Aksdal, Bj\u00f8rn &amp; Nyhus, Sven (red.) (1993).\u00a0<em>Fanitullen: innf\u00f8ring i norsk og samisk folkemusikk<\/em>. Oslo: Universitetsforlaget, Ola Graffs kapitel \u201dDen samiske musikktradisjonen\u201d<\/li>\n\n\n\n<li>Lundberg, Dan &amp; Ternhag, Gunnar (red.) (2011).\u00a0<em>Yoik: aspects of performing, collecting, interpreting<\/em>. Stockholm: Svenskt visarkiv in cooperation with \u00c1jtte.<\/li>\n\n\n\n<li>Kjellstr\u00f6m, Rolf, Ternhag, Gunnar &amp; Rydving, H\u00e5kan (1988).\u00a0<em>Om jojk<\/em>. Hedemora: Gidlund<\/li>\n<\/ul>\n<\/external-link-icon><\/div>\n\n<div class=\"w-constrained richtext\"><external-link-icon>\n<p><a href=\"https:\/\/svensktvisarkiv.se\/sm\/same-jiena\/\">Ruovttuluotta s\u00e1mi jienaide<\/a><\/p>\n<\/external-link-icon><\/div>","protected":false},"excerpt":{"rendered":"<p>Juoig\u00e1 olbmuid dehe ealibiid \u00c1rbevirola\u0161 lu\u0111iin lea mii goh\u010d\u010doduvvo&nbsp;refereansaobjeakta,&nbsp;s\u00e1htt\u00e1 ovdamearkka dihte leat olmmo\u0161, ealit dehe b\u00e1iki. Go juoig\u00e1 ii juoigga olbmo dehe ealiba&nbsp;birra&nbsp;muhto juoig\u00e1 olbmo dehe ealiba, nammalassi add\u00e1 d\u00e1idda musihkala\u0161 ie\u0161vuo\u0111a h\u00e1bmehuvvon das got juoigi ipmirda ja liiko sin ie\u0161vuo\u0111aid. D\u00e1t luo\u0111it geavahuvvojedje joavkkuin nu ahte luo\u0111it \u0161adde ovtta l\u00e1gan musihkala\u0161 namma refereansaobjektii, man [&hellip;]<\/p>\n","protected":false},"author":2,"featured_media":0,"parent":6011,"menu_order":0,"comment_status":"closed","ping_status":"closed","template":"","meta":{"_acf_changed":false,"footnotes":""},"class_list":["post-6028","page","type-page","status-publish","hentry"],"acf":[],"yoast_head":"<!-- This site is optimized with the Yoast SEO plugin v25.8 - https:\/\/yoast.com\/wordpress\/plugins\/seo\/ -->\n<title>Juoigan - Svenskt visarkiv<\/title>\n<meta name=\"robots\" content=\"index, follow, max-snippet:-1, max-image-preview:large, max-video-preview:-1\" \/>\n<link rel=\"canonical\" href=\"https:\/\/svensktvisarkiv.se\/sm\/same-jiena\/juoigan\/\" \/>\n<meta property=\"og:locale\" content=\"en_US\" \/>\n<meta property=\"og:type\" content=\"article\" \/>\n<meta property=\"og:title\" content=\"Juoigan - Svenskt visarkiv\" \/>\n<meta property=\"og:description\" content=\"Juoig\u00e1 olbmuid dehe ealibiid \u00c1rbevirola\u0161 lu\u0111iin lea mii goh\u010d\u010doduvvo&nbsp;refereansaobjeakta,&nbsp;s\u00e1htt\u00e1 ovdamearkka dihte leat olmmo\u0161, ealit dehe b\u00e1iki. Go juoig\u00e1 ii juoigga olbmo dehe ealiba&nbsp;birra&nbsp;muhto juoig\u00e1 olbmo dehe ealiba, nammalassi add\u00e1 d\u00e1idda musihkala\u0161 ie\u0161vuo\u0111a h\u00e1bmehuvvon das got juoigi ipmirda ja liiko sin ie\u0161vuo\u0111aid. D\u00e1t luo\u0111it geavahuvvojedje joavkkuin nu ahte luo\u0111it \u0161adde ovtta l\u00e1gan musihkala\u0161 namma refereansaobjektii, man [&hellip;]\" \/>\n<meta property=\"og:url\" content=\"https:\/\/svensktvisarkiv.se\/sm\/same-jiena\/juoigan\/\" \/>\n<meta property=\"og:site_name\" content=\"Svenskt visarkiv\" \/>\n<meta property=\"article:modified_time\" content=\"2025-02-27T09:51:08+00:00\" \/>\n<meta name=\"twitter:card\" content=\"summary_large_image\" \/>\n<meta name=\"twitter:label1\" content=\"Est. reading time\" \/>\n\t<meta name=\"twitter:data1\" content=\"2 minutes\" \/>\n<script type=\"application\/ld+json\" class=\"yoast-schema-graph\">{\"@context\":\"https:\/\/schema.org\",\"@graph\":[{\"@type\":\"WebPage\",\"@id\":\"https:\/\/svensktvisarkiv.se\/sm\/same-jiena\/juoigan\/\",\"url\":\"https:\/\/svensktvisarkiv.se\/sm\/same-jiena\/juoigan\/\",\"name\":\"Juoigan - Svenskt visarkiv\",\"isPartOf\":{\"@id\":\"https:\/\/svensktvisarkiv.se\/#website\"},\"datePublished\":\"2025-02-03T14:11:58+00:00\",\"dateModified\":\"2025-02-27T09:51:08+00:00\",\"breadcrumb\":{\"@id\":\"https:\/\/svensktvisarkiv.se\/sm\/same-jiena\/juoigan\/#breadcrumb\"},\"inLanguage\":\"sm\",\"potentialAction\":[{\"@type\":\"ReadAction\",\"target\":[\"https:\/\/svensktvisarkiv.se\/sm\/same-jiena\/juoigan\/\"]}]},{\"@type\":\"BreadcrumbList\",\"@id\":\"https:\/\/svensktvisarkiv.se\/sm\/same-jiena\/juoigan\/#breadcrumb\",\"itemListElement\":[{\"@type\":\"ListItem\",\"position\":1,\"name\":\"Home\",\"item\":\"https:\/\/svensktvisarkiv.se\/\"},{\"@type\":\"ListItem\",\"position\":2,\"name\":\"S\u00e1me jiena\",\"item\":\"https:\/\/svensktvisarkiv.se\/sm\/same-jiena\/\"},{\"@type\":\"ListItem\",\"position\":3,\"name\":\"Juoigan\"}]},{\"@type\":\"WebSite\",\"@id\":\"https:\/\/svensktvisarkiv.se\/#website\",\"url\":\"https:\/\/svensktvisarkiv.se\/\",\"name\":\"Svenskt visarkiv\",\"description\":\"\",\"potentialAction\":[{\"@type\":\"SearchAction\",\"target\":{\"@type\":\"EntryPoint\",\"urlTemplate\":\"https:\/\/svensktvisarkiv.se\/?s={search_term_string}\"},\"query-input\":{\"@type\":\"PropertyValueSpecification\",\"valueRequired\":true,\"valueName\":\"search_term_string\"}}],\"inLanguage\":\"sm\"}]}<\/script>\n<!-- \/ Yoast SEO plugin. -->","yoast_head_json":{"title":"Juoigan - Svenskt visarkiv","robots":{"index":"index","follow":"follow","max-snippet":"max-snippet:-1","max-image-preview":"max-image-preview:large","max-video-preview":"max-video-preview:-1"},"canonical":"https:\/\/svensktvisarkiv.se\/sm\/same-jiena\/juoigan\/","og_locale":"en_US","og_type":"article","og_title":"Juoigan - Svenskt visarkiv","og_description":"Juoig\u00e1 olbmuid dehe ealibiid \u00c1rbevirola\u0161 lu\u0111iin lea mii goh\u010d\u010doduvvo&nbsp;refereansaobjeakta,&nbsp;s\u00e1htt\u00e1 ovdamearkka dihte leat olmmo\u0161, ealit dehe b\u00e1iki. Go juoig\u00e1 ii juoigga olbmo dehe ealiba&nbsp;birra&nbsp;muhto juoig\u00e1 olbmo dehe ealiba, nammalassi add\u00e1 d\u00e1idda musihkala\u0161 ie\u0161vuo\u0111a h\u00e1bmehuvvon das got juoigi ipmirda ja liiko sin ie\u0161vuo\u0111aid. D\u00e1t luo\u0111it geavahuvvojedje joavkkuin nu ahte luo\u0111it \u0161adde ovtta l\u00e1gan musihkala\u0161 namma refereansaobjektii, man [&hellip;]","og_url":"https:\/\/svensktvisarkiv.se\/sm\/same-jiena\/juoigan\/","og_site_name":"Svenskt visarkiv","article_modified_time":"2025-02-27T09:51:08+00:00","twitter_card":"summary_large_image","twitter_misc":{"Est. reading time":"2 minutes"},"schema":{"@context":"https:\/\/schema.org","@graph":[{"@type":"WebPage","@id":"https:\/\/svensktvisarkiv.se\/sm\/same-jiena\/juoigan\/","url":"https:\/\/svensktvisarkiv.se\/sm\/same-jiena\/juoigan\/","name":"Juoigan - Svenskt visarkiv","isPartOf":{"@id":"https:\/\/svensktvisarkiv.se\/#website"},"datePublished":"2025-02-03T14:11:58+00:00","dateModified":"2025-02-27T09:51:08+00:00","breadcrumb":{"@id":"https:\/\/svensktvisarkiv.se\/sm\/same-jiena\/juoigan\/#breadcrumb"},"inLanguage":"sm","potentialAction":[{"@type":"ReadAction","target":["https:\/\/svensktvisarkiv.se\/sm\/same-jiena\/juoigan\/"]}]},{"@type":"BreadcrumbList","@id":"https:\/\/svensktvisarkiv.se\/sm\/same-jiena\/juoigan\/#breadcrumb","itemListElement":[{"@type":"ListItem","position":1,"name":"Home","item":"https:\/\/svensktvisarkiv.se\/"},{"@type":"ListItem","position":2,"name":"S\u00e1me jiena","item":"https:\/\/svensktvisarkiv.se\/sm\/same-jiena\/"},{"@type":"ListItem","position":3,"name":"Juoigan"}]},{"@type":"WebSite","@id":"https:\/\/svensktvisarkiv.se\/#website","url":"https:\/\/svensktvisarkiv.se\/","name":"Svenskt visarkiv","description":"","potentialAction":[{"@type":"SearchAction","target":{"@type":"EntryPoint","urlTemplate":"https:\/\/svensktvisarkiv.se\/?s={search_term_string}"},"query-input":{"@type":"PropertyValueSpecification","valueRequired":true,"valueName":"search_term_string"}}],"inLanguage":"sm"}]}},"_links":{"self":[{"href":"https:\/\/svensktvisarkiv.se\/sm\/wp-json\/wp\/v2\/pages\/6028","targetHints":{"allow":["GET"]}}],"collection":[{"href":"https:\/\/svensktvisarkiv.se\/sm\/wp-json\/wp\/v2\/pages"}],"about":[{"href":"https:\/\/svensktvisarkiv.se\/sm\/wp-json\/wp\/v2\/types\/page"}],"author":[{"embeddable":true,"href":"https:\/\/svensktvisarkiv.se\/sm\/wp-json\/wp\/v2\/users\/2"}],"replies":[{"embeddable":true,"href":"https:\/\/svensktvisarkiv.se\/sm\/wp-json\/wp\/v2\/comments?post=6028"}],"version-history":[{"count":4,"href":"https:\/\/svensktvisarkiv.se\/sm\/wp-json\/wp\/v2\/pages\/6028\/revisions"}],"predecessor-version":[{"id":6052,"href":"https:\/\/svensktvisarkiv.se\/sm\/wp-json\/wp\/v2\/pages\/6028\/revisions\/6052"}],"up":[{"embeddable":true,"href":"https:\/\/svensktvisarkiv.se\/sm\/wp-json\/wp\/v2\/pages\/6011"}],"wp:attachment":[{"href":"https:\/\/svensktvisarkiv.se\/sm\/wp-json\/wp\/v2\/media?parent=6028"}],"curies":[{"name":"wp","href":"https:\/\/api.w.org\/{rel}","templated":true}]}}