{"id":9583,"date":"2025-04-14T10:43:36","date_gmt":"2025-04-14T08:43:36","guid":{"rendered":"https:\/\/svensktvisarkiv.se\/varldsminnet-karl-tirens-samling\/"},"modified":"2025-11-18T16:19:26","modified_gmt":"2025-11-18T15:19:26","slug":"varldsminnet-karl-tirens-samling","status":"publish","type":"page","link":"https:\/\/svensktvisarkiv.se\/sm\/varldsminnet-karl-tirens-samling\/","title":{"rendered":"M\u00e1ilmmimuitu Karl Tir\u00e9na \u010doakk\u00e1ldat"},"content":{"rendered":"\n\n<div class=\"w-constrained richtext\"><external-link-icon>\n<p>Tir\u00e9na \u010doakk\u00e1ldat lea Ruo\u0167a l\u00e1vllaarkiivvas ja das leat eanet go 100 b\u00e1ddejuvvon juoigit, mat leat b\u00e1ddejuvvon gaskkal 1913 ja 1915. D\u00e1t lea vuostt\u00e1\u0161 gearddi go \u00e1lgo\u00e1lbmot kulturdovddaheapmi nammaduvvo m\u00e1ilmmimuitun.<\/p>\n<\/external-link-icon><\/div>\n\n<div class=\"w-constrained richtext\"><external-link-icon>\n<h2 class=\"wp-block-heading\">B\u00e1ddejuvvon g\u00e1h\u010d\u010derullii<\/h2>\n<\/external-link-icon><\/div>\n\n<div class=\"w-constrained richtext\"><external-link-icon>\n<p>Sta\u0161uvdnabearr\u00e1igeah\u010d\u010di Karl Tir\u00e9n dagai guhtta m\u00e1tki ruo\u0167a bealde S\u00e1mi. Dan \u00e1iggi o\u0111\u0111aseamos jietnab\u00e1ddenrusttegiin \u2013 fonogr\u00e1fain ja g\u00e1h\u010d\u010derullain \u2013 son m\u00e1tkko\u0161tettiin dokumenterii ja b\u00e1ddii s\u00e1mi luo\u0111i. Duoj\u00e1r Maria Persson-Johansson, gii ie\u0161 lei beakk\u00e1n juoigi, \u0161attai Tir\u00e9na deh\u00e1leamos diehtoaddi ja ofela\u0161 s\u00e1mi kultuvrii, ovdala\u010d\u010dat ledje h\u00e1rvvus olggobealde olbmot o\u017e\u017eon d\u00e1kk\u00e1r vejola\u0161vuo\u0111a.<\/p>\n<\/external-link-icon><\/div>\n\n<div class=\"w-constrained richtext\"><external-link-icon>\n<h2 class=\"wp-block-heading\">Unesco m\u00e1ilmmimuitoprogr\u00e1mma<\/h2>\n<\/external-link-icon><\/div>\n\n<div class=\"w-constrained richtext\"><external-link-icon>\n<p>M\u00e1ilmmimuitu lea b\u00e1lkka\u0161upmi mii addo arkiivii dahje girjer\u00e1djosii mas \u00e1rvvo\u0161tallo leat stuorra \u00e1rvu olmmo\u0161vuhtii. Ovdamearkan m\u00e1ilmmimuittuide mat g\u00e1vdnojit d\u00e1l leat Astrid Lindgrena arkiiva (Gonagasla\u0161 girjer\u00e1jus), Silbabiibbal (Stuhkie universitehtagirjer\u00e1jus) ja Dag Hammarskj\u00f6lda \u010doakk\u00e1ldat (Gonagasla\u0161 girjer\u00e1jus).<\/p>\n<\/external-link-icon><\/div>\n\n<div class=\"w-constrained richtext\"><external-link-icon>\n<p>Unesco \u00e1\u0161\u0161edovdiprogr\u00e1mmas g\u00e1vdnu Memory of the World, m\u00e1ilmmimuitoprogr\u00e1mma, mas vuolggasadjin lea ahte soames arkiivvat, \u010doakk\u00e1ldagat ja buktagat leat olmmo\u0161vuo\u0111a aktasa\u0161 \u00e1rbi nugo objeavttat Unesco m\u00e1ilmmi\u00e1rbelisttus. Daid mearkka\u0161upmi botke \u00e1igeguovdilis ja kultuvrrala\u0161 r\u00e1jiid ja galg\u00e1 seailluhuvvot otn\u00e1 ja boahtte\u00e1iggi buolvvaide.<\/p>\n<\/external-link-icon><\/div>\n\n<div class=\"w-constrained richtext\"><external-link-icon>\n<h2 class=\"wp-block-heading\">Loga eanet<\/h2>\n<\/external-link-icon><\/div>\n\n<div class=\"w-constrained richtext\"><external-link-icon>\n<ul class=\"wp-block-list\">\n<li><a href=\"https:\/\/svensktvisarkiv.se\/sm\/same-jiena\/\">\u010ciek\u014but \u010doakk\u00e1ldahkii ja guldal jietnab\u00e1ttiid<\/a><\/li>\n\n\n\n<li><a href=\"https:\/\/unesco.se\/varldsminnesprogram\/\">Loga eanet Unseco m\u00e1ilmmiprogr\u00e1mma birra<\/a><\/li>\n<\/ul>\n<\/external-link-icon><\/div>\n\n<div class=\"w-constrained richtext\"><external-link-icon>\n<h2 class=\"wp-block-heading\">Mii lea m\u00e1ilmmimuitu?<\/h2>\n<\/external-link-icon><\/div>\n\n<div class=\"w-constrained richtext\"><external-link-icon>\n<p>Guldal St\u00e1hta musihkkadoaimmahaga v\u00e1ldodirektevra, Dan Lundberga, muitaleami maid dat mearkka\u0161a go nammaduvvo m\u00e1ilmmimuiton. Filbma lea ruo\u0167agillii.<\/p>\n<\/external-link-icon><\/div>\n\n<div class=\"w-constrained richtext\"><external-link-icon>\n<figure class=\"wp-block-embed is-type-video is-provider-vimeo wp-block-embed-vimeo wp-embed-aspect-16-9 wp-has-aspect-ratio\"><div class=\"wp-block-embed__wrapper\">\nhttps:\/\/vimeo.com\/1075318303?fl=pl&#038;fe=sh\n<\/div><\/figure>\n<\/external-link-icon><\/div>","protected":false},"excerpt":{"rendered":"<p>Tir\u00e9na \u010doakk\u00e1ldat lea Ruo\u0167a l\u00e1vllaarkiivvas ja das leat eanet go 100 b\u00e1ddejuvvon juoigit, mat leat b\u00e1ddejuvvon gaskkal 1913 ja 1915. D\u00e1t lea vuostt\u00e1\u0161 gearddi go \u00e1lgo\u00e1lbmot kulturdovddaheapmi nammaduvvo m\u00e1ilmmimuitun. B\u00e1ddejuvvon g\u00e1h\u010d\u010derullii Sta\u0161uvdnabearr\u00e1igeah\u010d\u010di Karl Tir\u00e9n dagai guhtta m\u00e1tki ruo\u0167a bealde S\u00e1mi. Dan \u00e1iggi o\u0111\u0111aseamos jietnab\u00e1ddenrusttegiin \u2013 fonogr\u00e1fain ja g\u00e1h\u010d\u010derullain \u2013 son m\u00e1tkko\u0161tettiin dokumenterii ja b\u00e1ddii s\u00e1mi [&hellip;]<\/p>\n","protected":false},"author":4,"featured_media":0,"parent":0,"menu_order":0,"comment_status":"closed","ping_status":"closed","template":"","meta":{"_acf_changed":false,"footnotes":""},"class_list":["post-9583","page","type-page","status-publish","hentry"],"acf":[],"yoast_head":"<!-- This site is optimized with the Yoast SEO plugin v25.8 - https:\/\/yoast.com\/wordpress\/plugins\/seo\/ -->\n<title>M\u00e1ilmmimuitu Karl Tir\u00e9na \u010doakk\u00e1ldat - Svenskt visarkiv<\/title>\n<meta name=\"robots\" content=\"index, follow, max-snippet:-1, max-image-preview:large, max-video-preview:-1\" \/>\n<link rel=\"canonical\" href=\"https:\/\/svensktvisarkiv.se\/sm\/varldsminnet-karl-tirens-samling\/\" \/>\n<meta property=\"og:locale\" content=\"en_US\" \/>\n<meta property=\"og:type\" content=\"article\" \/>\n<meta property=\"og:title\" content=\"M\u00e1ilmmimuitu Karl Tir\u00e9na \u010doakk\u00e1ldat - Svenskt visarkiv\" \/>\n<meta property=\"og:description\" content=\"Tir\u00e9na \u010doakk\u00e1ldat lea Ruo\u0167a l\u00e1vllaarkiivvas ja das leat eanet go 100 b\u00e1ddejuvvon juoigit, mat leat b\u00e1ddejuvvon gaskkal 1913 ja 1915. D\u00e1t lea vuostt\u00e1\u0161 gearddi go \u00e1lgo\u00e1lbmot kulturdovddaheapmi nammaduvvo m\u00e1ilmmimuitun. B\u00e1ddejuvvon g\u00e1h\u010d\u010derullii Sta\u0161uvdnabearr\u00e1igeah\u010d\u010di Karl Tir\u00e9n dagai guhtta m\u00e1tki ruo\u0167a bealde S\u00e1mi. Dan \u00e1iggi o\u0111\u0111aseamos jietnab\u00e1ddenrusttegiin \u2013 fonogr\u00e1fain ja g\u00e1h\u010d\u010derullain \u2013 son m\u00e1tkko\u0161tettiin dokumenterii ja b\u00e1ddii s\u00e1mi [&hellip;]\" \/>\n<meta property=\"og:url\" content=\"https:\/\/svensktvisarkiv.se\/sm\/varldsminnet-karl-tirens-samling\/\" \/>\n<meta property=\"og:site_name\" content=\"Svenskt visarkiv\" \/>\n<meta property=\"article:modified_time\" content=\"2025-11-18T15:19:26+00:00\" \/>\n<meta name=\"twitter:card\" content=\"summary_large_image\" \/>\n<meta name=\"twitter:label1\" content=\"Est. reading time\" \/>\n\t<meta name=\"twitter:data1\" content=\"1 minute\" \/>\n<script type=\"application\/ld+json\" class=\"yoast-schema-graph\">{\"@context\":\"https:\/\/schema.org\",\"@graph\":[{\"@type\":\"WebPage\",\"@id\":\"https:\/\/svensktvisarkiv.se\/sm\/varldsminnet-karl-tirens-samling\/\",\"url\":\"https:\/\/svensktvisarkiv.se\/sm\/varldsminnet-karl-tirens-samling\/\",\"name\":\"M\u00e1ilmmimuitu Karl Tir\u00e9na \u010doakk\u00e1ldat - Svenskt visarkiv\",\"isPartOf\":{\"@id\":\"https:\/\/svensktvisarkiv.se\/#website\"},\"datePublished\":\"2025-04-14T08:43:36+00:00\",\"dateModified\":\"2025-11-18T15:19:26+00:00\",\"breadcrumb\":{\"@id\":\"https:\/\/svensktvisarkiv.se\/sm\/varldsminnet-karl-tirens-samling\/#breadcrumb\"},\"inLanguage\":\"sm\",\"potentialAction\":[{\"@type\":\"ReadAction\",\"target\":[\"https:\/\/svensktvisarkiv.se\/sm\/varldsminnet-karl-tirens-samling\/\"]}]},{\"@type\":\"BreadcrumbList\",\"@id\":\"https:\/\/svensktvisarkiv.se\/sm\/varldsminnet-karl-tirens-samling\/#breadcrumb\",\"itemListElement\":[{\"@type\":\"ListItem\",\"position\":1,\"name\":\"Home\",\"item\":\"https:\/\/svensktvisarkiv.se\/\"},{\"@type\":\"ListItem\",\"position\":2,\"name\":\"M\u00e1ilmmimuitu Karl Tir\u00e9na \u010doakk\u00e1ldat\"}]},{\"@type\":\"WebSite\",\"@id\":\"https:\/\/svensktvisarkiv.se\/#website\",\"url\":\"https:\/\/svensktvisarkiv.se\/\",\"name\":\"Svenskt visarkiv\",\"description\":\"\",\"potentialAction\":[{\"@type\":\"SearchAction\",\"target\":{\"@type\":\"EntryPoint\",\"urlTemplate\":\"https:\/\/svensktvisarkiv.se\/?s={search_term_string}\"},\"query-input\":{\"@type\":\"PropertyValueSpecification\",\"valueRequired\":true,\"valueName\":\"search_term_string\"}}],\"inLanguage\":\"sm\"}]}<\/script>\n<!-- \/ Yoast SEO plugin. -->","yoast_head_json":{"title":"M\u00e1ilmmimuitu Karl Tir\u00e9na \u010doakk\u00e1ldat - Svenskt visarkiv","robots":{"index":"index","follow":"follow","max-snippet":"max-snippet:-1","max-image-preview":"max-image-preview:large","max-video-preview":"max-video-preview:-1"},"canonical":"https:\/\/svensktvisarkiv.se\/sm\/varldsminnet-karl-tirens-samling\/","og_locale":"en_US","og_type":"article","og_title":"M\u00e1ilmmimuitu Karl Tir\u00e9na \u010doakk\u00e1ldat - Svenskt visarkiv","og_description":"Tir\u00e9na \u010doakk\u00e1ldat lea Ruo\u0167a l\u00e1vllaarkiivvas ja das leat eanet go 100 b\u00e1ddejuvvon juoigit, mat leat b\u00e1ddejuvvon gaskkal 1913 ja 1915. D\u00e1t lea vuostt\u00e1\u0161 gearddi go \u00e1lgo\u00e1lbmot kulturdovddaheapmi nammaduvvo m\u00e1ilmmimuitun. B\u00e1ddejuvvon g\u00e1h\u010d\u010derullii Sta\u0161uvdnabearr\u00e1igeah\u010d\u010di Karl Tir\u00e9n dagai guhtta m\u00e1tki ruo\u0167a bealde S\u00e1mi. Dan \u00e1iggi o\u0111\u0111aseamos jietnab\u00e1ddenrusttegiin \u2013 fonogr\u00e1fain ja g\u00e1h\u010d\u010derullain \u2013 son m\u00e1tkko\u0161tettiin dokumenterii ja b\u00e1ddii s\u00e1mi [&hellip;]","og_url":"https:\/\/svensktvisarkiv.se\/sm\/varldsminnet-karl-tirens-samling\/","og_site_name":"Svenskt visarkiv","article_modified_time":"2025-11-18T15:19:26+00:00","twitter_card":"summary_large_image","twitter_misc":{"Est. reading time":"1 minute"},"schema":{"@context":"https:\/\/schema.org","@graph":[{"@type":"WebPage","@id":"https:\/\/svensktvisarkiv.se\/sm\/varldsminnet-karl-tirens-samling\/","url":"https:\/\/svensktvisarkiv.se\/sm\/varldsminnet-karl-tirens-samling\/","name":"M\u00e1ilmmimuitu Karl Tir\u00e9na \u010doakk\u00e1ldat - Svenskt visarkiv","isPartOf":{"@id":"https:\/\/svensktvisarkiv.se\/#website"},"datePublished":"2025-04-14T08:43:36+00:00","dateModified":"2025-11-18T15:19:26+00:00","breadcrumb":{"@id":"https:\/\/svensktvisarkiv.se\/sm\/varldsminnet-karl-tirens-samling\/#breadcrumb"},"inLanguage":"sm","potentialAction":[{"@type":"ReadAction","target":["https:\/\/svensktvisarkiv.se\/sm\/varldsminnet-karl-tirens-samling\/"]}]},{"@type":"BreadcrumbList","@id":"https:\/\/svensktvisarkiv.se\/sm\/varldsminnet-karl-tirens-samling\/#breadcrumb","itemListElement":[{"@type":"ListItem","position":1,"name":"Home","item":"https:\/\/svensktvisarkiv.se\/"},{"@type":"ListItem","position":2,"name":"M\u00e1ilmmimuitu Karl Tir\u00e9na \u010doakk\u00e1ldat"}]},{"@type":"WebSite","@id":"https:\/\/svensktvisarkiv.se\/#website","url":"https:\/\/svensktvisarkiv.se\/","name":"Svenskt visarkiv","description":"","potentialAction":[{"@type":"SearchAction","target":{"@type":"EntryPoint","urlTemplate":"https:\/\/svensktvisarkiv.se\/?s={search_term_string}"},"query-input":{"@type":"PropertyValueSpecification","valueRequired":true,"valueName":"search_term_string"}}],"inLanguage":"sm"}]}},"_links":{"self":[{"href":"https:\/\/svensktvisarkiv.se\/sm\/wp-json\/wp\/v2\/pages\/9583","targetHints":{"allow":["GET"]}}],"collection":[{"href":"https:\/\/svensktvisarkiv.se\/sm\/wp-json\/wp\/v2\/pages"}],"about":[{"href":"https:\/\/svensktvisarkiv.se\/sm\/wp-json\/wp\/v2\/types\/page"}],"author":[{"embeddable":true,"href":"https:\/\/svensktvisarkiv.se\/sm\/wp-json\/wp\/v2\/users\/4"}],"replies":[{"embeddable":true,"href":"https:\/\/svensktvisarkiv.se\/sm\/wp-json\/wp\/v2\/comments?post=9583"}],"version-history":[{"count":4,"href":"https:\/\/svensktvisarkiv.se\/sm\/wp-json\/wp\/v2\/pages\/9583\/revisions"}],"predecessor-version":[{"id":9629,"href":"https:\/\/svensktvisarkiv.se\/sm\/wp-json\/wp\/v2\/pages\/9583\/revisions\/9629"}],"wp:attachment":[{"href":"https:\/\/svensktvisarkiv.se\/sm\/wp-json\/wp\/v2\/media?parent=9583"}],"curies":[{"name":"wp","href":"https:\/\/api.w.org\/{rel}","templated":true}]}}